{"id":243,"date":"2023-02-01T21:30:59","date_gmt":"2023-02-01T21:30:59","guid":{"rendered":"https:\/\/carrehotel.nl\/?page_id=243"},"modified":"2023-05-15T17:41:42","modified_gmt":"2023-05-15T15:41:42","slug":"neuigkeiten","status":"publish","type":"page","link":"https:\/\/carrehotel.nl\/de\/nieuws\/","title":{"rendered":"Nachrichten"},"content":{"rendered":"\t\t<div data-elementor-type=\"wp-page\" data-elementor-id=\"243\" class=\"elementor elementor-243\" data-elementor-post-type=\"page\">\n\t\t\t\t\t\t<section class=\"elementor-section elementor-top-section elementor-element elementor-element-a3c2827 elementor-section-boxed elementor-section-height-default elementor-section-height-default\" data-id=\"a3c2827\" data-element_type=\"section\" data-e-type=\"section\" data-settings=\"{&quot;background_background&quot;:&quot;classic&quot;,&quot;jet_parallax_layout_list&quot;:[]}\">\n\t\t\t\t\t\t<div class=\"elementor-container elementor-column-gap-default\">\n\t\t\t\t\t<div class=\"elementor-column elementor-col-100 elementor-top-column elementor-element elementor-element-43c1183\" data-id=\"43c1183\" data-element_type=\"column\" data-e-type=\"column\">\n\t\t\t<div class=\"elementor-widget-wrap elementor-element-populated\">\n\t\t\t\t\t\t<div class=\"elementor-element elementor-element-a3076c8 elementor-widget elementor-widget-heading\" data-id=\"a3076c8\" data-element_type=\"widget\" data-e-type=\"widget\" data-widget_type=\"heading.default\">\n\t\t\t\t<div class=\"elementor-widget-container\">\n\t\t\t\t\t<span class=\"elementor-heading-title elementor-size-default\">Altijd op de hoogte<\/span>\t\t\t\t<\/div>\n\t\t\t\t<\/div>\n\t\t\t\t<div class=\"elementor-element elementor-element-bc2a50b elementor-widget elementor-widget-heading\" data-id=\"bc2a50b\" data-element_type=\"widget\" data-e-type=\"widget\" data-widget_type=\"heading.default\">\n\t\t\t\t<div class=\"elementor-widget-container\">\n\t\t\t\t\t<h1 class=\"elementor-heading-title elementor-size-default\">Nieuws<\/h1>\t\t\t\t<\/div>\n\t\t\t\t<\/div>\n\t\t\t\t<div class=\"elementor-element elementor-element-57fd8a9 elementor-widget elementor-widget-spacer\" data-id=\"57fd8a9\" data-element_type=\"widget\" data-e-type=\"widget\" data-widget_type=\"spacer.default\">\n\t\t\t\t<div class=\"elementor-widget-container\">\n\t\t\t\t\t\t\t<div class=\"elementor-spacer\">\n\t\t\t<div class=\"elementor-spacer-inner\"><\/div>\n\t\t<\/div>\n\t\t\t\t\t\t<\/div>\n\t\t\t\t<\/div>\n\t\t\t\t<div class=\"elementor-element elementor-element-ca9b464 elementor-widget elementor-widget-text-editor\" data-id=\"ca9b464\" data-element_type=\"widget\" data-e-type=\"widget\" data-widget_type=\"text-editor.default\">\n\t\t\t\t<div class=\"elementor-widget-container\">\n\t\t\t\t\t\t\t\t\t<p>Wij houden onze gasten graag op de hoogte van de laatste ontwikkelingen rondom ons hotel, de leukste uitjes in Zuid-Limburg \u00e9n het aanbod van onze partners.<\/p>\t\t\t\t\t\t\t\t<\/div>\n\t\t\t\t<\/div>\n\t\t\t\t\t<\/div>\n\t\t<\/div>\n\t\t\t\t\t<\/div>\n\t\t<\/section>\n\t\t\t\t<section class=\"elementor-section elementor-top-section elementor-element elementor-element-c0b17eb elementor-section-boxed elementor-section-height-default elementor-section-height-default\" data-id=\"c0b17eb\" data-element_type=\"section\" data-e-type=\"section\" data-settings=\"{&quot;jet_parallax_layout_list&quot;:[]}\">\n\t\t\t\t\t\t<div class=\"elementor-container elementor-column-gap-default\">\n\t\t\t\t\t<div class=\"elementor-column elementor-col-100 elementor-top-column elementor-element elementor-element-5e4c094\" data-id=\"5e4c094\" data-element_type=\"column\" data-e-type=\"column\">\n\t\t\t<div class=\"elementor-widget-wrap elementor-element-populated\">\n\t\t\t\t\t\t<div class=\"elementor-element elementor-element-49e82d6 eael_liquid_glass-effect1 eael_liquid_glass_shadow-effect1 elementor-widget elementor-widget-jet-listing-grid\" data-id=\"49e82d6\" data-element_type=\"widget\" data-e-type=\"widget\" data-settings=\"{&quot;columns&quot;:&quot;1&quot;}\" data-widget_type=\"jet-listing-grid.default\">\n\t\t\t\t<div class=\"elementor-widget-container\">\n\t\t\t\t\t<div class=\"jet-listing-grid jet-listing\"><div class=\"jet-listing-grid__items grid-col-desk-1 grid-col-tablet-1 grid-col-mobile-1 jet-listing-grid--4138\" data-queried-id=\"243|WP_Post\" data-nav=\"{&quot;enabled&quot;:false,&quot;type&quot;:null,&quot;more_el&quot;:null,&quot;query&quot;:[],&quot;widget_settings&quot;:{&quot;lisitng_id&quot;:4138,&quot;posts_num&quot;:1,&quot;columns&quot;:1,&quot;columns_tablet&quot;:1,&quot;columns_mobile&quot;:1,&quot;column_min_width&quot;:240,&quot;column_min_width_tablet&quot;:240,&quot;column_min_width_mobile&quot;:240,&quot;inline_columns_css&quot;:false,&quot;is_archive_template&quot;:&quot;&quot;,&quot;post_status&quot;:[&quot;publish&quot;],&quot;use_random_posts_num&quot;:&quot;&quot;,&quot;max_posts_num&quot;:9,&quot;not_found_message&quot;:&quot;We hebben voor deze pagina (nog) geen nieuwsberichten.&quot;,&quot;is_masonry&quot;:false,&quot;equal_columns_height&quot;:&quot;&quot;,&quot;use_load_more&quot;:&quot;&quot;,&quot;load_more_id&quot;:&quot;&quot;,&quot;load_more_type&quot;:&quot;click&quot;,&quot;load_more_offset&quot;:{&quot;unit&quot;:&quot;px&quot;,&quot;size&quot;:0,&quot;sizes&quot;:[]},&quot;use_custom_post_types&quot;:&quot;&quot;,&quot;custom_post_types&quot;:[],&quot;hide_widget_if&quot;:&quot;&quot;,&quot;carousel_enabled&quot;:&quot;&quot;,&quot;slides_to_scroll&quot;:&quot;1&quot;,&quot;arrows&quot;:&quot;true&quot;,&quot;arrow_icon&quot;:&quot;fa fa-angle-left&quot;,&quot;dots&quot;:&quot;&quot;,&quot;autoplay&quot;:&quot;true&quot;,&quot;pause_on_hover&quot;:&quot;true&quot;,&quot;autoplay_speed&quot;:5000,&quot;infinite&quot;:&quot;true&quot;,&quot;center_mode&quot;:&quot;&quot;,&quot;effect&quot;:&quot;slide&quot;,&quot;speed&quot;:500,&quot;inject_alternative_items&quot;:&quot;&quot;,&quot;injection_items&quot;:[],&quot;scroll_slider_enabled&quot;:&quot;&quot;,&quot;scroll_slider_on&quot;:[&quot;desktop&quot;,&quot;tablet&quot;,&quot;mobile&quot;],&quot;custom_query&quot;:false,&quot;custom_query_id&quot;:&quot;&quot;,&quot;_element_id&quot;:&quot;&quot;,&quot;collapse_first_last_gap&quot;:false,&quot;list_tag_selection&quot;:&quot;&quot;,&quot;list_items_wrapper_tag&quot;:&quot;div&quot;,&quot;list_item_tag&quot;:&quot;div&quot;,&quot;empty_items_wrapper_tag&quot;:&quot;div&quot;}}\" data-page=\"1\" data-pages=\"1\" data-listing-source=\"posts\" data-listing-id=\"4138\" data-query-id=\"\"><div class=\"jet-listing-grid__item jet-listing-dynamic-post-4752\" data-post-id=\"4752\"  ><style type=\"text\/css\">.jet-listing-dynamic-post-4752 .elementor-element.elementor-element-5fdb61b:not(.elementor-motion-effects-element-type-background) > .elementor-widget-wrap, .jet-listing-dynamic-post-4752 .elementor-element.elementor-element-5fdb61b > .elementor-widget-wrap > .elementor-motion-effects-container > .elementor-motion-effects-layer{background-image:url(\"https:\/\/carrehotel.nl\/wp-content\/uploads\/2023\/05\/landschap-zuid-limburg_1.jpg\");}<\/style><div class=\"jet-engine-listing-overlay-wrap\" data-url=\"https:\/\/carrehotel.nl\/de\/5-tips-voor-echte-vleesliefhebbers\/\" data-target=\"_blank\">\t\t<div data-elementor-type=\"jet-listing-items\" data-elementor-id=\"4138\" class=\"elementor elementor-4138\" data-elementor-post-type=\"jet-engine\">\n\t\t\t\t\t\t<section class=\"elementor-section elementor-top-section elementor-element elementor-element-268b930 elementor-section-boxed elementor-section-height-default elementor-section-height-default\" data-id=\"268b930\" data-element_type=\"section\" data-e-type=\"section\" data-settings=\"{&quot;jet_parallax_layout_list&quot;:[],&quot;background_background&quot;:&quot;classic&quot;}\">\n\t\t\t\t\t\t<div class=\"elementor-container elementor-column-gap-default\">\n\t\t\t\t\t<div data-dce-background-image-url=\"https:\/\/carrehotel.nl\/wp-content\/uploads\/2023\/05\/landschap-zuid-limburg_1.jpg\" class=\"elementor-column elementor-col-50 elementor-top-column elementor-element elementor-element-5fdb61b\" data-id=\"5fdb61b\" data-element_type=\"column\" data-e-type=\"column\" data-settings=\"{&quot;background_background&quot;:&quot;classic&quot;}\">\n\t\t\t<div class=\"elementor-widget-wrap elementor-element-populated\">\n\t\t\t\t\t\t<div class=\"elementor-element elementor-element-b930234 elementor-widget elementor-widget-spacer\" data-id=\"b930234\" data-element_type=\"widget\" data-e-type=\"widget\" data-widget_type=\"spacer.default\">\n\t\t\t\t<div class=\"elementor-widget-container\">\n\t\t\t\t\t\t\t<div class=\"elementor-spacer\">\n\t\t\t<div class=\"elementor-spacer-inner\"><\/div>\n\t\t<\/div>\n\t\t\t\t\t\t<\/div>\n\t\t\t\t<\/div>\n\t\t\t\t\t<\/div>\n\t\t<\/div>\n\t\t\t\t<div class=\"elementor-column elementor-col-50 elementor-top-column elementor-element elementor-element-c20675c\" data-id=\"c20675c\" data-element_type=\"column\" data-e-type=\"column\" data-settings=\"{&quot;background_background&quot;:&quot;classic&quot;}\">\n\t\t\t<div class=\"elementor-widget-wrap elementor-element-populated\">\n\t\t\t\t\t\t<div class=\"elementor-element elementor-element-08fc4c8 elementor-widget elementor-widget-heading\" data-id=\"08fc4c8\" data-element_type=\"widget\" data-e-type=\"widget\" data-widget_type=\"heading.default\">\n\t\t\t\t<div class=\"elementor-widget-container\">\n\t\t\t\t\t<h2 class=\"elementor-heading-title elementor-size-default\">5 Tips voor \u00e9chte vleesliefhebbers<\/h2>\t\t\t\t<\/div>\n\t\t\t\t<\/div>\n\t\t\t\t<div class=\"elementor-element elementor-element-8c74896 elementor-widget elementor-widget-spacer\" data-id=\"8c74896\" data-element_type=\"widget\" data-e-type=\"widget\" data-widget_type=\"spacer.default\">\n\t\t\t\t<div class=\"elementor-widget-container\">\n\t\t\t\t\t\t\t<div class=\"elementor-spacer\">\n\t\t\t<div class=\"elementor-spacer-inner\"><\/div>\n\t\t<\/div>\n\t\t\t\t\t\t<\/div>\n\t\t\t\t<\/div>\n\t\t\t\t<div class=\"elementor-element elementor-element-d29c822 elementor-widget elementor-widget-text-editor\" data-id=\"d29c822\" data-element_type=\"widget\" data-e-type=\"widget\" data-widget_type=\"text-editor.default\">\n\t\t\t\t<div class=\"elementor-widget-container\">\n\t\t\t\t\t\t\t\t\tLipsum\t\t\t\t\t\t\t\t<\/div>\n\t\t\t\t<\/div>\n\t\t\t\t\t<\/div>\n\t\t<\/div>\n\t\t\t\t\t<\/div>\n\t\t<\/section>\n\t\t\t\t<\/div>\n\t\t<a href=\"https:\/\/carrehotel.nl\/de\/5-tips-voor-echte-vleesliefhebbers\/\" class=\"jet-engine-listing-overlay-link\" target=\"_blank\"><\/a><\/div><\/div><\/div><\/div>\t\t\t\t<\/div>\n\t\t\t\t<\/div>\n\t\t\t\t<div class=\"elementor-element elementor-element-b4aae89 eael_liquid_glass-effect1 eael_liquid_glass_shadow-effect1 elementor-widget elementor-widget-jet-listing-grid\" data-id=\"b4aae89\" data-element_type=\"widget\" data-e-type=\"widget\" data-settings=\"{&quot;columns&quot;:3}\" data-widget_type=\"jet-listing-grid.default\">\n\t\t\t\t<div class=\"elementor-widget-container\">\n\t\t\t\t\t<div class=\"jet-listing-grid jet-listing\"><div class=\"jet-listing-not-found jet-listing-grid__items\" data-nav=\"{&quot;enabled&quot;:false,&quot;type&quot;:null,&quot;more_el&quot;:null,&quot;query&quot;:[],&quot;widget_settings&quot;:{&quot;lisitng_id&quot;:214,&quot;posts_num&quot;:48,&quot;columns&quot;:3,&quot;columns_tablet&quot;:3,&quot;columns_mobile&quot;:3,&quot;column_min_width&quot;:240,&quot;column_min_width_tablet&quot;:240,&quot;column_min_width_mobile&quot;:240,&quot;inline_columns_css&quot;:false,&quot;is_archive_template&quot;:&quot;&quot;,&quot;post_status&quot;:[&quot;publish&quot;],&quot;use_random_posts_num&quot;:&quot;&quot;,&quot;max_posts_num&quot;:9,&quot;not_found_message&quot;:&quot;We hebben voor deze pagina (nog) geen nieuwsberichten.&quot;,&quot;is_masonry&quot;:false,&quot;equal_columns_height&quot;:&quot;&quot;,&quot;use_load_more&quot;:&quot;&quot;,&quot;load_more_id&quot;:&quot;&quot;,&quot;load_more_type&quot;:&quot;click&quot;,&quot;load_more_offset&quot;:{&quot;unit&quot;:&quot;px&quot;,&quot;size&quot;:0,&quot;sizes&quot;:[]},&quot;use_custom_post_types&quot;:&quot;&quot;,&quot;custom_post_types&quot;:[],&quot;hide_widget_if&quot;:&quot;&quot;,&quot;carousel_enabled&quot;:&quot;&quot;,&quot;slides_to_scroll&quot;:&quot;1&quot;,&quot;arrows&quot;:&quot;true&quot;,&quot;arrow_icon&quot;:&quot;fa fa-angle-left&quot;,&quot;dots&quot;:&quot;&quot;,&quot;autoplay&quot;:&quot;true&quot;,&quot;pause_on_hover&quot;:&quot;true&quot;,&quot;autoplay_speed&quot;:5000,&quot;infinite&quot;:&quot;true&quot;,&quot;center_mode&quot;:&quot;&quot;,&quot;effect&quot;:&quot;slide&quot;,&quot;speed&quot;:500,&quot;inject_alternative_items&quot;:&quot;&quot;,&quot;injection_items&quot;:[],&quot;scroll_slider_enabled&quot;:&quot;&quot;,&quot;scroll_slider_on&quot;:[&quot;desktop&quot;,&quot;tablet&quot;,&quot;mobile&quot;],&quot;custom_query&quot;:false,&quot;custom_query_id&quot;:&quot;&quot;,&quot;_element_id&quot;:&quot;&quot;,&quot;collapse_first_last_gap&quot;:false,&quot;list_tag_selection&quot;:&quot;&quot;,&quot;list_items_wrapper_tag&quot;:&quot;div&quot;,&quot;list_item_tag&quot;:&quot;div&quot;,&quot;empty_items_wrapper_tag&quot;:&quot;div&quot;}}\" data-listing-source=\"posts\" data-listing-id=\"214\" data-query-id=\"\" data-queried-id=\"243|WP_Post\">We hebben voor deze pagina (nog) geen nieuwsberichten.<\/div><\/div>\t\t\t\t<\/div>\n\t\t\t\t<\/div>\n\t\t\t\t\t<\/div>\n\t\t<\/div>\n\t\t\t\t\t<\/div>\n\t\t<\/section>\n\t\t\t\t<\/div>\n\t\t","protected":false},"excerpt":{"rendered":"<p>Immer auf dem neuesten Stand Wir m\u00f6chten unsere G\u00e4ste \u00fcber die neuesten Entwicklungen in Bezug auf unser Hotel, die besten Ausflugsziele in S\u00fcdlimburg und die Angebote unserer Partner informieren. Wir haben (noch) keine Neuigkeiten f\u00fcr diese Seite.<\/p>","protected":false},"author":1,"featured_media":0,"parent":0,"menu_order":0,"comment_status":"closed","ping_status":"closed","template":"","meta":{"footnotes":""},"class_list":["post-243","page","type-page","status-publish","hentry"],"yoast_head":"<!-- This site is optimized with the Yoast SEO plugin v27.1.1 - https:\/\/yoast.com\/product\/yoast-seo-wordpress\/ -->\n<title>Nieuws - Carr\u00e9 Hotel Zuid-Limburg<\/title>\n<meta name=\"robots\" content=\"index, follow, max-snippet:-1, max-image-preview:large, max-video-preview:-1\" \/>\n<link rel=\"canonical\" href=\"https:\/\/carrehotel.nl\/de\/neuigkeiten\/\" \/>\n<meta property=\"og:locale\" content=\"de_DE\" \/>\n<meta property=\"og:type\" content=\"article\" \/>\n<meta property=\"og:title\" content=\"Nieuws - Carr\u00e9 Hotel Zuid-Limburg\" \/>\n<meta property=\"og:description\" content=\"Altijd op de hoogte Nieuws Wij houden onze gasten graag op de hoogte van de laatste ontwikkelingen rondom ons hotel, de leukste uitjes in Zuid-Limburg \u00e9n het aanbod van onze partners. We hebben voor deze pagina (nog) geen nieuwsberichten.\" \/>\n<meta property=\"og:url\" content=\"https:\/\/carrehotel.nl\/de\/neuigkeiten\/\" \/>\n<meta property=\"og:site_name\" content=\"Carr\u00e9 Hotel Zuid-Limburg\" \/>\n<meta property=\"article:publisher\" content=\"https:\/\/www.facebook.com\/CarreHotelZuidLimburg\" \/>\n<meta property=\"article:modified_time\" content=\"2023-05-15T15:41:42+00:00\" \/>\n<meta property=\"og:image\" content=\"https:\/\/carrehotel.nl\/wp-content\/uploads\/2023\/03\/Hotel-ZuidLimburg_Logo_Liggend.png\" \/>\n\t<meta property=\"og:image:width\" content=\"979\" \/>\n\t<meta property=\"og:image:height\" content=\"426\" \/>\n\t<meta property=\"og:image:type\" content=\"image\/png\" \/>\n<meta name=\"twitter:card\" content=\"summary_large_image\" \/>\n<meta name=\"twitter:label1\" content=\"Gesch\u00e4tzte Lesezeit\" \/>\n\t<meta name=\"twitter:data1\" content=\"2\u00a0Minuten\" \/>\n<script type=\"application\/ld+json\" class=\"yoast-schema-graph\">{\"@context\":\"https:\/\/schema.org\",\"@graph\":[{\"@type\":\"WebPage\",\"@id\":\"https:\/\/carrehotel.nl\/nieuws\/\",\"url\":\"https:\/\/carrehotel.nl\/nieuws\/\",\"name\":\"Nieuws - Carr\u00e9 Hotel Zuid-Limburg\",\"isPartOf\":{\"@id\":\"https:\/\/carrehotel.nl\/#website\"},\"datePublished\":\"2023-02-01T21:30:59+00:00\",\"dateModified\":\"2023-05-15T15:41:42+00:00\",\"breadcrumb\":{\"@id\":\"https:\/\/carrehotel.nl\/nieuws\/#breadcrumb\"},\"inLanguage\":\"de\",\"potentialAction\":[{\"@type\":\"ReadAction\",\"target\":[\"https:\/\/carrehotel.nl\/nieuws\/\"]}]},{\"@type\":\"BreadcrumbList\",\"@id\":\"https:\/\/carrehotel.nl\/nieuws\/#breadcrumb\",\"itemListElement\":[{\"@type\":\"ListItem\",\"position\":1,\"name\":\"Home\",\"item\":\"https:\/\/carrehotel.nl\/\"},{\"@type\":\"ListItem\",\"position\":2,\"name\":\"Nieuws\"}]},{\"@type\":\"WebSite\",\"@id\":\"https:\/\/carrehotel.nl\/#website\",\"url\":\"https:\/\/carrehotel.nl\/\",\"name\":\"Carr\u00e9 Hotel Zuid-Limburg\",\"description\":\"Je zal er maar slapen!\",\"publisher\":{\"@id\":\"https:\/\/carrehotel.nl\/#organization\"},\"potentialAction\":[{\"@type\":\"SearchAction\",\"target\":{\"@type\":\"EntryPoint\",\"urlTemplate\":\"https:\/\/carrehotel.nl\/?s={search_term_string}\"},\"query-input\":{\"@type\":\"PropertyValueSpecification\",\"valueRequired\":true,\"valueName\":\"search_term_string\"}}],\"inLanguage\":\"de\"},{\"@type\":\"Organization\",\"@id\":\"https:\/\/carrehotel.nl\/#organization\",\"name\":\"Carr\u00e9 Hotel Zuid-Limburg\",\"alternateName\":\"Hotel Zuid-Limburg B.V.\",\"url\":\"https:\/\/carrehotel.nl\/\",\"logo\":{\"@type\":\"ImageObject\",\"inLanguage\":\"de\",\"@id\":\"https:\/\/carrehotel.nl\/#\/schema\/logo\/image\/\",\"url\":\"https:\/\/carrehotel.nl\/wp-content\/uploads\/2023\/02\/Hotel-ZuidLimburg_Logo_Beeldmerk.png\",\"contentUrl\":\"https:\/\/carrehotel.nl\/wp-content\/uploads\/2023\/02\/Hotel-ZuidLimburg_Logo_Beeldmerk.png\",\"width\":543,\"height\":543,\"caption\":\"Carr\u00e9 Hotel Zuid-Limburg\"},\"image\":{\"@id\":\"https:\/\/carrehotel.nl\/#\/schema\/logo\/image\/\"},\"sameAs\":[\"https:\/\/www.facebook.com\/CarreHotelZuidLimburg\",\"https:\/\/www.instagram.com\/CarreHotelZuidLimburg\/\",\"https:\/\/www.youtube.com\/@CarreHotelZuid-Limburg\"]}]}<\/script>\n<!-- \/ Yoast SEO plugin. -->","yoast_head_json":{"title":"Neuigkeiten - Carr\u00e9 Hotel S\u00fcdlimburg","robots":{"index":"index","follow":"follow","max-snippet":"max-snippet:-1","max-image-preview":"max-image-preview:large","max-video-preview":"max-video-preview:-1"},"canonical":"https:\/\/carrehotel.nl\/de\/neuigkeiten\/","og_locale":"de_DE","og_type":"article","og_title":"Nieuws - Carr\u00e9 Hotel Zuid-Limburg","og_description":"Altijd op de hoogte Nieuws Wij houden onze gasten graag op de hoogte van de laatste ontwikkelingen rondom ons hotel, de leukste uitjes in Zuid-Limburg \u00e9n het aanbod van onze partners. We hebben voor deze pagina (nog) geen nieuwsberichten.","og_url":"https:\/\/carrehotel.nl\/de\/neuigkeiten\/","og_site_name":"Carr\u00e9 Hotel Zuid-Limburg","article_publisher":"https:\/\/www.facebook.com\/CarreHotelZuidLimburg","article_modified_time":"2023-05-15T15:41:42+00:00","og_image":[{"width":979,"height":426,"url":"https:\/\/carrehotel.nl\/wp-content\/uploads\/2023\/03\/Hotel-ZuidLimburg_Logo_Liggend.png","type":"image\/png"}],"twitter_card":"summary_large_image","twitter_misc":{"Gesch\u00e4tzte Lesezeit":"2\u00a0Minuten"},"schema":{"@context":"https:\/\/schema.org","@graph":[{"@type":"WebPage","@id":"https:\/\/carrehotel.nl\/nieuws\/","url":"https:\/\/carrehotel.nl\/nieuws\/","name":"Neuigkeiten - Carr\u00e9 Hotel S\u00fcdlimburg","isPartOf":{"@id":"https:\/\/carrehotel.nl\/#website"},"datePublished":"2023-02-01T21:30:59+00:00","dateModified":"2023-05-15T15:41:42+00:00","breadcrumb":{"@id":"https:\/\/carrehotel.nl\/nieuws\/#breadcrumb"},"inLanguage":"de","potentialAction":[{"@type":"ReadAction","target":["https:\/\/carrehotel.nl\/nieuws\/"]}]},{"@type":"BreadcrumbList","@id":"https:\/\/carrehotel.nl\/nieuws\/#breadcrumb","itemListElement":[{"@type":"ListItem","position":1,"name":"Home","item":"https:\/\/carrehotel.nl\/"},{"@type":"ListItem","position":2,"name":"Nieuws"}]},{"@type":"WebSite","@id":"https:\/\/carrehotel.nl\/#website","url":"https:\/\/carrehotel.nl\/","name":"Carr\u00e9 Hotel Zuid-Limburg","description":"da kommen Sie zur Ruhe","publisher":{"@id":"https:\/\/carrehotel.nl\/#organization"},"potentialAction":[{"@type":"SearchAction","target":{"@type":"EntryPoint","urlTemplate":"https:\/\/carrehotel.nl\/?s={search_term_string}"},"query-input":{"@type":"PropertyValueSpecification","valueRequired":true,"valueName":"search_term_string"}}],"inLanguage":"de"},{"@type":"Organization","@id":"https:\/\/carrehotel.nl\/#organization","name":"Carr\u00e9 Hotel Zuid-Limburg","alternateName":"Hotel Zuid-Limburg B.V.","url":"https:\/\/carrehotel.nl\/","logo":{"@type":"ImageObject","inLanguage":"de","@id":"https:\/\/carrehotel.nl\/#\/schema\/logo\/image\/","url":"https:\/\/carrehotel.nl\/wp-content\/uploads\/2023\/02\/Hotel-ZuidLimburg_Logo_Beeldmerk.png","contentUrl":"https:\/\/carrehotel.nl\/wp-content\/uploads\/2023\/02\/Hotel-ZuidLimburg_Logo_Beeldmerk.png","width":543,"height":543,"caption":"Carr\u00e9 Hotel Zuid-Limburg"},"image":{"@id":"https:\/\/carrehotel.nl\/#\/schema\/logo\/image\/"},"sameAs":["https:\/\/www.facebook.com\/CarreHotelZuidLimburg","https:\/\/www.instagram.com\/CarreHotelZuidLimburg\/","https:\/\/www.youtube.com\/@CarreHotelZuid-Limburg"]}]}},"_links":{"self":[{"href":"https:\/\/carrehotel.nl\/de\/wp-json\/wp\/v2\/pages\/243","targetHints":{"allow":["GET"]}}],"collection":[{"href":"https:\/\/carrehotel.nl\/de\/wp-json\/wp\/v2\/pages"}],"about":[{"href":"https:\/\/carrehotel.nl\/de\/wp-json\/wp\/v2\/types\/page"}],"author":[{"embeddable":true,"href":"https:\/\/carrehotel.nl\/de\/wp-json\/wp\/v2\/users\/1"}],"replies":[{"embeddable":true,"href":"https:\/\/carrehotel.nl\/de\/wp-json\/wp\/v2\/comments?post=243"}],"version-history":[{"count":0,"href":"https:\/\/carrehotel.nl\/de\/wp-json\/wp\/v2\/pages\/243\/revisions"}],"wp:attachment":[{"href":"https:\/\/carrehotel.nl\/de\/wp-json\/wp\/v2\/media?parent=243"}],"curies":[{"name":"wp","href":"https:\/\/api.w.org\/{rel}","templated":true}]}}