{"id":337,"date":"2023-02-02T14:49:58","date_gmt":"2023-02-02T14:49:58","guid":{"rendered":"https:\/\/carrehotel.nl\/?page_id=337"},"modified":"2023-04-25T23:42:58","modified_gmt":"2023-04-25T21:42:58","slug":"cookies","status":"publish","type":"page","link":"https:\/\/carrehotel.nl\/de\/cookies\/","title":{"rendered":"Cookies"},"content":{"rendered":"<div data-elementor-type=\"wp-page\" data-elementor-id=\"337\" class=\"elementor elementor-337\" data-elementor-post-type=\"page\">\n\t\t\t\t\t\t<section class=\"elementor-section elementor-top-section elementor-element elementor-element-36b8ba6 elementor-section-boxed elementor-section-height-default elementor-section-height-default\" data-id=\"36b8ba6\" data-element_type=\"section\" data-e-type=\"section\" data-settings=\"{&quot;background_background&quot;:&quot;classic&quot;,&quot;jet_parallax_layout_list&quot;:[]}\">\n\t\t\t\t\t\t<div class=\"elementor-container elementor-column-gap-default\">\n\t\t\t\t\t<div class=\"elementor-column elementor-col-100 elementor-top-column elementor-element elementor-element-cf0db18\" data-id=\"cf0db18\" data-element_type=\"column\" data-e-type=\"column\">\n\t\t\t<div class=\"elementor-widget-wrap elementor-element-populated\">\n\t\t\t\t\t\t<div class=\"elementor-element elementor-element-4813b09 elementor-widget elementor-widget-heading\" data-id=\"4813b09\" data-element_type=\"widget\" data-e-type=\"widget\" data-widget_type=\"heading.default\">\n\t\t\t\t<div class=\"elementor-widget-container\">\n\t\t\t\t\t<h1 class=\"elementor-heading-title elementor-size-default\">Cookies<\/h1>\t\t\t\t<\/div>\n\t\t\t\t<\/div>\n\t\t\t\t<div class=\"elementor-element elementor-element-66d227b elementor-widget elementor-widget-spacer\" data-id=\"66d227b\" data-element_type=\"widget\" data-e-type=\"widget\" data-widget_type=\"spacer.default\">\n\t\t\t\t<div class=\"elementor-widget-container\">\n\t\t\t\t\t\t\t<div class=\"elementor-spacer\">\n\t\t\t<div class=\"elementor-spacer-inner\"><\/div>\n\t\t<\/div>\n\t\t\t\t\t\t<\/div>\n\t\t\t\t<\/div>\n\t\t\t\t<div class=\"elementor-element elementor-element-26ec121 elementor-widget elementor-widget-text-editor\" data-id=\"26ec121\" data-element_type=\"widget\" data-e-type=\"widget\" data-widget_type=\"text-editor.default\">\n\t\t\t\t<div class=\"elementor-widget-container\">\n\t\t\t\t\t\t\t\t\tWir m\u00f6chten Ihren Aufenthalt in S\u00fcdlimburg so angenehm wie m\u00f6glich gestalten. Wir m\u00f6chten auch, dass Ihr Aufenthalt auf dieser Website genauso gut ist. Deshalb m\u00f6chten wir Sie \u00fcber die Verwendung von Cookies auf unserer Website informieren. Wir verwenden sie, um Inhalte und Werbung zu personalisieren und um den Verkehr auf unserer Website zu analysieren.\t\t\t\t\t\t\t\t<\/div>\n\t\t\t\t<\/div>\n\t\t\t\t\t<\/div>\n\t\t<\/div>\n\t\t\t\t\t<\/div>\n\t\t<\/section>\n\t\t\t\t<section class=\"elementor-section elementor-top-section elementor-element elementor-element-bb68905 elementor-section-boxed elementor-section-height-default elementor-section-height-default\" data-id=\"bb68905\" data-element_type=\"section\" data-e-type=\"section\" data-settings=\"{&quot;jet_parallax_layout_list&quot;:[]}\">\n\t\t\t\t\t\t<div class=\"elementor-container elementor-column-gap-default\">\n\t\t\t\t\t<div class=\"elementor-column elementor-col-100 elementor-top-column elementor-element elementor-element-e2507d0\" data-id=\"e2507d0\" data-element_type=\"column\" data-e-type=\"column\">\n\t\t\t<div class=\"elementor-widget-wrap elementor-element-populated\">\n\t\t\t\t\t\t<div class=\"elementor-element elementor-element-c187b4a elementor-widget elementor-widget-html\" data-id=\"c187b4a\" data-element_type=\"widget\" data-e-type=\"widget\" data-widget_type=\"html.default\">\n\t\t\t\t<div class=\"elementor-widget-container\">\n\t\t\t\t\t<script id=\"CookieDeclaration\" src=\"https:\/\/consent.cookiebot.com\/070c2200-5e9a-4d86-b213-9f9f09cf6b91\/cd.js\" type=\"text\/javascript\" async><\/script>\t\t\t\t<\/div>\n\t\t\t\t<\/div>\n\t\t\t\t\t<\/div>\n\t\t<\/div>\n\t\t\t\t\t<\/div>\n\t\t<\/section>\n\t\t\t\t<\/div>","protected":false},"excerpt":{"rendered":"<p>Wir m\u00f6chten Ihren Aufenthalt in S\u00fcdlimburg so angenehm wie m\u00f6glich gestalten. Wir m\u00f6chten auch, dass Ihr Aufenthalt auf dieser Website genauso gut ist. Deshalb m\u00f6chten wir Sie \u00fcber die Verwendung von Cookies auf unserer Website informieren. Wir verwenden sie, um Inhalte und Werbung zu personalisieren und um den Verkehr auf unserer Website zu analysieren.<\/p>","protected":false},"author":1,"featured_media":0,"parent":0,"menu_order":0,"comment_status":"closed","ping_status":"closed","template":"","meta":{"footnotes":""},"class_list":["post-337","page","type-page","status-publish","hentry"],"yoast_head":"<!-- This site is optimized with the Yoast SEO plugin v27.1.1 - https:\/\/yoast.com\/product\/yoast-seo-wordpress\/ -->\n<title>Cookies - Carr\u00e9 Hotel Zuid-Limburg<\/title>\n<meta name=\"robots\" content=\"index, follow, max-snippet:-1, max-image-preview:large, max-video-preview:-1\" \/>\n<link rel=\"canonical\" href=\"https:\/\/carrehotel.nl\/de\/cookies\/\" \/>\n<meta property=\"og:locale\" content=\"de_DE\" \/>\n<meta property=\"og:type\" content=\"article\" \/>\n<meta property=\"og:title\" content=\"Cookies - Carr\u00e9 Hotel Zuid-Limburg\" \/>\n<meta property=\"og:description\" content=\"Wij willen uw verblijf in Zuid-Limburg zo aangenaam mogelijk maken. Daarbij willen we ook dat uw verblijf op deze website net zo goed is. Daarom willen we u graag informeren over het gebruik van cookies op onze website. Deze gebruiken we om content en advertenties te personaliseren en om ons websiteverkeer te analyseren.\" \/>\n<meta property=\"og:url\" content=\"https:\/\/carrehotel.nl\/de\/cookies\/\" \/>\n<meta property=\"og:site_name\" content=\"Carr\u00e9 Hotel Zuid-Limburg\" \/>\n<meta property=\"article:publisher\" content=\"https:\/\/www.facebook.com\/CarreHotelZuidLimburg\" \/>\n<meta property=\"article:modified_time\" content=\"2023-04-25T21:42:58+00:00\" \/>\n<meta property=\"og:image\" content=\"https:\/\/carrehotel.nl\/wp-content\/uploads\/2023\/03\/Hotel-ZuidLimburg_Logo_Liggend.png\" \/>\n\t<meta property=\"og:image:width\" content=\"979\" \/>\n\t<meta property=\"og:image:height\" content=\"426\" \/>\n\t<meta property=\"og:image:type\" content=\"image\/png\" \/>\n<meta name=\"twitter:card\" content=\"summary_large_image\" \/>\n<meta name=\"twitter:label1\" content=\"Gesch\u00e4tzte Lesezeit\" \/>\n\t<meta name=\"twitter:data1\" content=\"3\u00a0Minuten\" \/>\n<script type=\"application\/ld+json\" class=\"yoast-schema-graph\">{\"@context\":\"https:\/\/schema.org\",\"@graph\":[{\"@type\":\"WebPage\",\"@id\":\"https:\/\/carrehotel.nl\/cookies\/\",\"url\":\"https:\/\/carrehotel.nl\/cookies\/\",\"name\":\"Cookies - Carr\u00e9 Hotel Zuid-Limburg\",\"isPartOf\":{\"@id\":\"https:\/\/carrehotel.nl\/#website\"},\"datePublished\":\"2023-02-02T14:49:58+00:00\",\"dateModified\":\"2023-04-25T21:42:58+00:00\",\"breadcrumb\":{\"@id\":\"https:\/\/carrehotel.nl\/cookies\/#breadcrumb\"},\"inLanguage\":\"de\",\"potentialAction\":[{\"@type\":\"ReadAction\",\"target\":[\"https:\/\/carrehotel.nl\/cookies\/\"]}]},{\"@type\":\"BreadcrumbList\",\"@id\":\"https:\/\/carrehotel.nl\/cookies\/#breadcrumb\",\"itemListElement\":[{\"@type\":\"ListItem\",\"position\":1,\"name\":\"Home\",\"item\":\"https:\/\/carrehotel.nl\/\"},{\"@type\":\"ListItem\",\"position\":2,\"name\":\"Cookies\"}]},{\"@type\":\"WebSite\",\"@id\":\"https:\/\/carrehotel.nl\/#website\",\"url\":\"https:\/\/carrehotel.nl\/\",\"name\":\"Carr\u00e9 Hotel Zuid-Limburg\",\"description\":\"Je zal er maar slapen!\",\"publisher\":{\"@id\":\"https:\/\/carrehotel.nl\/#organization\"},\"potentialAction\":[{\"@type\":\"SearchAction\",\"target\":{\"@type\":\"EntryPoint\",\"urlTemplate\":\"https:\/\/carrehotel.nl\/?s={search_term_string}\"},\"query-input\":{\"@type\":\"PropertyValueSpecification\",\"valueRequired\":true,\"valueName\":\"search_term_string\"}}],\"inLanguage\":\"de\"},{\"@type\":\"Organization\",\"@id\":\"https:\/\/carrehotel.nl\/#organization\",\"name\":\"Carr\u00e9 Hotel Zuid-Limburg\",\"alternateName\":\"Hotel Zuid-Limburg B.V.\",\"url\":\"https:\/\/carrehotel.nl\/\",\"logo\":{\"@type\":\"ImageObject\",\"inLanguage\":\"de\",\"@id\":\"https:\/\/carrehotel.nl\/#\/schema\/logo\/image\/\",\"url\":\"https:\/\/carrehotel.nl\/wp-content\/uploads\/2023\/02\/Hotel-ZuidLimburg_Logo_Beeldmerk.png\",\"contentUrl\":\"https:\/\/carrehotel.nl\/wp-content\/uploads\/2023\/02\/Hotel-ZuidLimburg_Logo_Beeldmerk.png\",\"width\":543,\"height\":543,\"caption\":\"Carr\u00e9 Hotel Zuid-Limburg\"},\"image\":{\"@id\":\"https:\/\/carrehotel.nl\/#\/schema\/logo\/image\/\"},\"sameAs\":[\"https:\/\/www.facebook.com\/CarreHotelZuidLimburg\",\"https:\/\/www.instagram.com\/CarreHotelZuidLimburg\/\",\"https:\/\/www.youtube.com\/@CarreHotelZuid-Limburg\"]}]}<\/script>\n<!-- \/ Yoast SEO plugin. -->","yoast_head_json":{"title":"Cookies - Carr\u00e9 Hotel Zuid-Limburg","robots":{"index":"index","follow":"follow","max-snippet":"max-snippet:-1","max-image-preview":"max-image-preview:large","max-video-preview":"max-video-preview:-1"},"canonical":"https:\/\/carrehotel.nl\/de\/cookies\/","og_locale":"de_DE","og_type":"article","og_title":"Cookies - Carr\u00e9 Hotel Zuid-Limburg","og_description":"Wij willen uw verblijf in Zuid-Limburg zo aangenaam mogelijk maken. Daarbij willen we ook dat uw verblijf op deze website net zo goed is. Daarom willen we u graag informeren over het gebruik van cookies op onze website. Deze gebruiken we om content en advertenties te personaliseren en om ons websiteverkeer te analyseren.","og_url":"https:\/\/carrehotel.nl\/de\/cookies\/","og_site_name":"Carr\u00e9 Hotel Zuid-Limburg","article_publisher":"https:\/\/www.facebook.com\/CarreHotelZuidLimburg","article_modified_time":"2023-04-25T21:42:58+00:00","og_image":[{"width":979,"height":426,"url":"https:\/\/carrehotel.nl\/wp-content\/uploads\/2023\/03\/Hotel-ZuidLimburg_Logo_Liggend.png","type":"image\/png"}],"twitter_card":"summary_large_image","twitter_misc":{"Gesch\u00e4tzte Lesezeit":"3\u00a0Minuten"},"schema":{"@context":"https:\/\/schema.org","@graph":[{"@type":"WebPage","@id":"https:\/\/carrehotel.nl\/cookies\/","url":"https:\/\/carrehotel.nl\/cookies\/","name":"Cookies - Carr\u00e9 Hotel Zuid-Limburg","isPartOf":{"@id":"https:\/\/carrehotel.nl\/#website"},"datePublished":"2023-02-02T14:49:58+00:00","dateModified":"2023-04-25T21:42:58+00:00","breadcrumb":{"@id":"https:\/\/carrehotel.nl\/cookies\/#breadcrumb"},"inLanguage":"de","potentialAction":[{"@type":"ReadAction","target":["https:\/\/carrehotel.nl\/cookies\/"]}]},{"@type":"BreadcrumbList","@id":"https:\/\/carrehotel.nl\/cookies\/#breadcrumb","itemListElement":[{"@type":"ListItem","position":1,"name":"Home","item":"https:\/\/carrehotel.nl\/"},{"@type":"ListItem","position":2,"name":"Cookies"}]},{"@type":"WebSite","@id":"https:\/\/carrehotel.nl\/#website","url":"https:\/\/carrehotel.nl\/","name":"Carr\u00e9 Hotel Zuid-Limburg","description":"da kommen Sie zur Ruhe","publisher":{"@id":"https:\/\/carrehotel.nl\/#organization"},"potentialAction":[{"@type":"SearchAction","target":{"@type":"EntryPoint","urlTemplate":"https:\/\/carrehotel.nl\/?s={search_term_string}"},"query-input":{"@type":"PropertyValueSpecification","valueRequired":true,"valueName":"search_term_string"}}],"inLanguage":"de"},{"@type":"Organization","@id":"https:\/\/carrehotel.nl\/#organization","name":"Carr\u00e9 Hotel Zuid-Limburg","alternateName":"Hotel Zuid-Limburg B.V.","url":"https:\/\/carrehotel.nl\/","logo":{"@type":"ImageObject","inLanguage":"de","@id":"https:\/\/carrehotel.nl\/#\/schema\/logo\/image\/","url":"https:\/\/carrehotel.nl\/wp-content\/uploads\/2023\/02\/Hotel-ZuidLimburg_Logo_Beeldmerk.png","contentUrl":"https:\/\/carrehotel.nl\/wp-content\/uploads\/2023\/02\/Hotel-ZuidLimburg_Logo_Beeldmerk.png","width":543,"height":543,"caption":"Carr\u00e9 Hotel Zuid-Limburg"},"image":{"@id":"https:\/\/carrehotel.nl\/#\/schema\/logo\/image\/"},"sameAs":["https:\/\/www.facebook.com\/CarreHotelZuidLimburg","https:\/\/www.instagram.com\/CarreHotelZuidLimburg\/","https:\/\/www.youtube.com\/@CarreHotelZuid-Limburg"]}]}},"_links":{"self":[{"href":"https:\/\/carrehotel.nl\/de\/wp-json\/wp\/v2\/pages\/337","targetHints":{"allow":["GET"]}}],"collection":[{"href":"https:\/\/carrehotel.nl\/de\/wp-json\/wp\/v2\/pages"}],"about":[{"href":"https:\/\/carrehotel.nl\/de\/wp-json\/wp\/v2\/types\/page"}],"author":[{"embeddable":true,"href":"https:\/\/carrehotel.nl\/de\/wp-json\/wp\/v2\/users\/1"}],"replies":[{"embeddable":true,"href":"https:\/\/carrehotel.nl\/de\/wp-json\/wp\/v2\/comments?post=337"}],"version-history":[{"count":0,"href":"https:\/\/carrehotel.nl\/de\/wp-json\/wp\/v2\/pages\/337\/revisions"}],"wp:attachment":[{"href":"https:\/\/carrehotel.nl\/de\/wp-json\/wp\/v2\/media?parent=337"}],"curies":[{"name":"wp","href":"https:\/\/api.w.org\/{rel}","templated":true}]}}