{"id":4617,"date":"2023-05-11T22:05:35","date_gmt":"2023-05-11T20:05:35","guid":{"rendered":"https:\/\/carrehotel.nl\/?page_id=4617"},"modified":"2023-05-11T22:07:07","modified_gmt":"2023-05-11T20:07:07","slug":"danke-im-namen-unser-partner","status":"publish","type":"page","link":"https:\/\/carrehotel.nl\/de\/partner-reservering\/bedankt-namens-onze-partner\/","title":{"rendered":"Dank im Namen unseres Partners"},"content":{"rendered":"<div data-elementor-type=\"wp-page\" data-elementor-id=\"4617\" class=\"elementor elementor-4617\" data-elementor-post-type=\"page\">\n\t\t\t\t\t\t<section class=\"elementor-section elementor-top-section elementor-element elementor-element-e6e6fdc elementor-section-boxed elementor-section-height-default elementor-section-height-default\" data-id=\"e6e6fdc\" data-element_type=\"section\" data-e-type=\"section\" data-settings=\"{&quot;background_background&quot;:&quot;classic&quot;,&quot;jet_parallax_layout_list&quot;:[]}\">\n\t\t\t\t\t\t<div class=\"elementor-container elementor-column-gap-default\">\n\t\t\t\t\t<div class=\"elementor-column elementor-col-100 elementor-top-column elementor-element elementor-element-b5498c5\" data-id=\"b5498c5\" data-element_type=\"column\" data-e-type=\"column\">\n\t\t\t<div class=\"elementor-widget-wrap elementor-element-populated\">\n\t\t\t\t\t\t<div class=\"elementor-element elementor-element-84dadda elementor-widget elementor-widget-heading\" data-id=\"84dadda\" data-element_type=\"widget\" data-e-type=\"widget\" data-widget_type=\"heading.default\">\n\t\t\t\t<div class=\"elementor-widget-container\">\n\t\t\t\t\t<span class=\"elementor-heading-title elementor-size-default\">Vielen Dank f\u00fcr Ihre Anfrage<\/span>\t\t\t\t<\/div>\n\t\t\t\t<\/div>\n\t\t\t\t<div class=\"elementor-element elementor-element-5d2e22d elementor-widget elementor-widget-heading\" data-id=\"5d2e22d\" data-element_type=\"widget\" data-e-type=\"widget\" data-widget_type=\"heading.default\">\n\t\t\t\t<div class=\"elementor-widget-container\">\n\t\t\t\t\t<h1 class=\"elementor-heading-title elementor-size-default\">Viel Spa\u00df!<\/h1>\t\t\t\t<\/div>\n\t\t\t\t<\/div>\n\t\t\t\t<div class=\"elementor-element elementor-element-6d77df6 elementor-widget elementor-widget-spacer\" data-id=\"6d77df6\" data-element_type=\"widget\" data-e-type=\"widget\" data-widget_type=\"spacer.default\">\n\t\t\t\t<div class=\"elementor-widget-container\">\n\t\t\t\t\t\t\t<div class=\"elementor-spacer\">\n\t\t\t<div class=\"elementor-spacer-inner\"><\/div>\n\t\t<\/div>\n\t\t\t\t\t\t<\/div>\n\t\t\t\t<\/div>\n\t\t\t\t<div class=\"elementor-element elementor-element-678ad8a elementor-widget elementor-widget-text-editor\" data-id=\"678ad8a\" data-element_type=\"widget\" data-e-type=\"widget\" data-widget_type=\"text-editor.default\">\n\t\t\t\t<div class=\"elementor-widget-container\">\n\t\t\t\t\t\t\t\t\t<p>Unser Partner wird sich so schnell wie m\u00f6glich mit Ihnen in Verbindung setzen, um Ihre Anfrage zu bearbeiten.<\/p>\t\t\t\t\t\t\t\t<\/div>\n\t\t\t\t<\/div>\n\t\t\t\t\t<\/div>\n\t\t<\/div>\n\t\t\t\t\t<\/div>\n\t\t<\/section>\n\t\t\t\t<section class=\"elementor-section elementor-top-section elementor-element elementor-element-59af7e4 elementor-section-full_width elementor-section-height-default elementor-section-height-default\" data-id=\"59af7e4\" data-element_type=\"section\" data-e-type=\"section\" data-settings=\"{&quot;jet_parallax_layout_list&quot;:[]}\">\n\t\t\t\t\t\t<div class=\"elementor-container elementor-column-gap-default\">\n\t\t\t\t\t<div class=\"elementor-column elementor-col-100 elementor-top-column elementor-element elementor-element-c465d58\" data-id=\"c465d58\" data-element_type=\"column\" data-e-type=\"column\">\n\t\t\t<div class=\"elementor-widget-wrap elementor-element-populated\">\n\t\t\t\t\t\t<div class=\"elementor-element elementor-element-a2e69c7 elementor-widget elementor-widget-template\" data-id=\"a2e69c7\" data-element_type=\"widget\" data-e-type=\"widget\" data-widget_type=\"template.default\">\n\t\t\t\t<div class=\"elementor-widget-container\">\n\t\t\t\t\t\t\t<div class=\"elementor-template\">\n\t\t\t\t\t<div data-elementor-type=\"section\" data-elementor-id=\"603\" class=\"elementor elementor-603\" data-elementor-post-type=\"elementor_library\">\n\t\t\t\t\t<section data-dce-background-overlay-image-url=\"https:\/\/carrehotel.nl\/wp-content\/uploads\/2023\/03\/diagonale-lijn.png\" class=\"elementor-section elementor-top-section elementor-element elementor-element-82c8bdc elementor-section-boxed elementor-section-height-default elementor-section-height-default\" data-id=\"82c8bdc\" data-element_type=\"section\" data-e-type=\"section\" data-settings=\"{&quot;background_background&quot;:&quot;classic&quot;,&quot;jet_parallax_layout_list&quot;:[]}\">\n\t\t\t\t\t\t\t<div class=\"elementor-background-overlay\"><\/div>\n\t\t\t\t\t\t\t<div class=\"elementor-container elementor-column-gap-default\">\n\t\t\t\t\t<div class=\"elementor-column elementor-col-100 elementor-top-column elementor-element elementor-element-2414076\" data-id=\"2414076\" data-element_type=\"column\" data-e-type=\"column\">\n\t\t\t<div class=\"elementor-widget-wrap elementor-element-populated\">\n\t\t\t\t\t\t<section class=\"elementor-section elementor-inner-section elementor-element elementor-element-8dac125 elementor-section-boxed elementor-section-height-default elementor-section-height-default\" data-id=\"8dac125\" data-element_type=\"section\" data-e-type=\"section\" data-settings=\"{&quot;jet_parallax_layout_list&quot;:[]}\">\n\t\t\t\t\t\t<div class=\"elementor-container elementor-column-gap-default\">\n\t\t\t\t\t<div class=\"elementor-column elementor-col-100 elementor-inner-column elementor-element elementor-element-fa8dc8a\" data-id=\"fa8dc8a\" data-element_type=\"column\" data-e-type=\"column\">\n\t\t\t<div class=\"elementor-widget-wrap elementor-element-populated\">\n\t\t\t\t\t\t<div class=\"elementor-element elementor-element-f0f1bd0 elementor-invisible elementor-widget elementor-widget-heading\" data-id=\"f0f1bd0\" data-element_type=\"widget\" data-e-type=\"widget\" data-settings=\"{&quot;_animation&quot;:&quot;slideInLeft&quot;}\" data-widget_type=\"heading.default\">\n\t\t\t\t<div class=\"elementor-widget-container\">\n\t\t\t\t\t<span class=\"elementor-heading-title elementor-size-default\">Zimmer und Appartements<\/span>\t\t\t\t<\/div>\n\t\t\t\t<\/div>\n\t\t\t\t<div class=\"elementor-element elementor-element-6f84f8c elementor-invisible elementor-widget elementor-widget-heading\" data-id=\"6f84f8c\" data-element_type=\"widget\" data-e-type=\"widget\" data-settings=\"{&quot;_animation&quot;:&quot;slideInRight&quot;}\" data-widget_type=\"heading.default\">\n\t\t\t\t<div class=\"elementor-widget-container\">\n\t\t\t\t\t<h2 class=\"elementor-heading-title elementor-size-default\">komfortable Zimmer<br> f\u00fcr alle<\/h2>\t\t\t\t<\/div>\n\t\t\t\t<\/div>\n\t\t\t\t\t<\/div>\n\t\t<\/div>\n\t\t\t\t\t<\/div>\n\t\t<\/section>\n\t\t\t\t<section class=\"elementor-section elementor-inner-section elementor-element elementor-element-a243027 elementor-section-boxed elementor-section-height-default elementor-section-height-default\" data-id=\"a243027\" data-element_type=\"section\" data-e-type=\"section\" data-settings=\"{&quot;jet_parallax_layout_list&quot;:[]}\">\n\t\t\t\t\t\t<div class=\"elementor-container elementor-column-gap-default\">\n\t\t\t\t\t<div class=\"elementor-column elementor-col-100 elementor-inner-column elementor-element elementor-element-3b98dd1\" data-id=\"3b98dd1\" data-element_type=\"column\" data-e-type=\"column\">\n\t\t\t<div class=\"elementor-widget-wrap elementor-element-populated\">\n\t\t\t\t\t\t<div class=\"elementor-element elementor-element-d9517a7 eael_liquid_glass-effect1 eael_liquid_glass_shadow-effect1 elementor-widget elementor-widget-jet-listing-grid\" data-id=\"d9517a7\" data-element_type=\"widget\" data-e-type=\"widget\" data-settings=\"{&quot;columns&quot;:&quot;1&quot;}\" data-widget_type=\"jet-listing-grid.default\">\n\t\t\t\t<div class=\"elementor-widget-container\">\n\t\t\t\t\t<div class=\"jet-listing-grid jet-listing-grid--lazy-load jet-listing jet-listing-grid-loading\" data-lazy-load=\"{&quot;offset&quot;:&quot;0px&quot;,&quot;post_id&quot;:603,&quot;queried_id&quot;:&quot;4617|WP_Post&quot;}\"><div class=\"jet-listing-grid__loader\"><div class=\"jet-listing-grid__loader-spinner\"><\/div><\/div><\/div>\t\t\t\t<\/div>\n\t\t\t\t<\/div>\n\t\t\t\t\t<\/div>\n\t\t<\/div>\n\t\t\t\t\t<\/div>\n\t\t<\/section>\n\t\t\t\t\t<\/div>\n\t\t<\/div>\n\t\t\t\t\t<\/div>\n\t\t<\/section>\n\t\t\t\t<\/div>\n\t\t\t\t<\/div>\n\t\t\t\t\t\t<\/div>\n\t\t\t\t<\/div>\n\t\t\t\t\t<\/div>\n\t\t<\/div>\n\t\t\t\t\t<\/div>\n\t\t<\/section>\n\t\t\t\t<\/div>","protected":false},"excerpt":{"rendered":"<p>Vielen Dank f\u00fcr Ihre Anfrage Viel Spa\u00df! Unser Partner wird sich so schnell wie m\u00f6glich mit Ihnen in Verbindung setzen, um Ihre Anfrage zu bearbeiten.<\/p>","protected":false},"author":1,"featured_media":0,"parent":4460,"menu_order":0,"comment_status":"closed","ping_status":"closed","template":"","meta":{"footnotes":""},"class_list":["post-4617","page","type-page","status-publish","hentry"],"yoast_head":"<!-- This site is optimized with the Yoast SEO plugin v27.1.1 - https:\/\/yoast.com\/product\/yoast-seo-wordpress\/ -->\n<title>Bedankt namens onze partner - Carr\u00e9 Hotel Zuid-Limburg<\/title>\n<meta name=\"robots\" content=\"index, follow, max-snippet:-1, max-image-preview:large, max-video-preview:-1\" \/>\n<link rel=\"canonical\" href=\"https:\/\/carrehotel.nl\/de\/partner-reservierung\/danke-im-namen-unser-partner\/\" \/>\n<meta property=\"og:locale\" content=\"de_DE\" \/>\n<meta property=\"og:type\" content=\"article\" \/>\n<meta property=\"og:title\" content=\"Bedankt namens onze partner - Carr\u00e9 Hotel Zuid-Limburg\" \/>\n<meta property=\"og:description\" content=\"Bedankt voor uw aanvraag Veel plezier! Onze partner zal zo spoedig mogelijk contact met u opnemen inzake uw aanvraag.\" \/>\n<meta property=\"og:url\" content=\"https:\/\/carrehotel.nl\/de\/partner-reservierung\/danke-im-namen-unser-partner\/\" \/>\n<meta property=\"og:site_name\" content=\"Carr\u00e9 Hotel Zuid-Limburg\" \/>\n<meta property=\"article:publisher\" content=\"https:\/\/www.facebook.com\/CarreHotelZuidLimburg\" \/>\n<meta property=\"article:modified_time\" content=\"2023-05-11T20:07:07+00:00\" \/>\n<meta property=\"og:image\" content=\"https:\/\/carrehotel.nl\/wp-content\/uploads\/2023\/03\/Hotel-ZuidLimburg_Logo_Liggend.png\" \/>\n\t<meta property=\"og:image:width\" content=\"979\" \/>\n\t<meta property=\"og:image:height\" content=\"426\" \/>\n\t<meta property=\"og:image:type\" content=\"image\/png\" \/>\n<meta name=\"twitter:card\" content=\"summary_large_image\" \/>\n<meta name=\"twitter:label1\" content=\"Gesch\u00e4tzte Lesezeit\" \/>\n\t<meta name=\"twitter:data1\" content=\"17\u00a0Minuten\" \/>\n<script type=\"application\/ld+json\" class=\"yoast-schema-graph\">{\"@context\":\"https:\/\/schema.org\",\"@graph\":[{\"@type\":\"WebPage\",\"@id\":\"https:\/\/carrehotel.nl\/partner-reservering\/bedankt-namens-onze-partner\/\",\"url\":\"https:\/\/carrehotel.nl\/partner-reservering\/bedankt-namens-onze-partner\/\",\"name\":\"Bedankt namens onze partner - Carr\u00e9 Hotel Zuid-Limburg\",\"isPartOf\":{\"@id\":\"https:\/\/carrehotel.nl\/#website\"},\"datePublished\":\"2023-05-11T20:05:35+00:00\",\"dateModified\":\"2023-05-11T20:07:07+00:00\",\"breadcrumb\":{\"@id\":\"https:\/\/carrehotel.nl\/partner-reservering\/bedankt-namens-onze-partner\/#breadcrumb\"},\"inLanguage\":\"de\",\"potentialAction\":[{\"@type\":\"ReadAction\",\"target\":[\"https:\/\/carrehotel.nl\/partner-reservering\/bedankt-namens-onze-partner\/\"]}]},{\"@type\":\"BreadcrumbList\",\"@id\":\"https:\/\/carrehotel.nl\/partner-reservering\/bedankt-namens-onze-partner\/#breadcrumb\",\"itemListElement\":[{\"@type\":\"ListItem\",\"position\":1,\"name\":\"Home\",\"item\":\"https:\/\/carrehotel.nl\/\"},{\"@type\":\"ListItem\",\"position\":2,\"name\":\"Partner reservering\",\"item\":\"https:\/\/carrehotel.nl\/partner-reservering\/\"},{\"@type\":\"ListItem\",\"position\":3,\"name\":\"Bedankt namens onze partner\"}]},{\"@type\":\"WebSite\",\"@id\":\"https:\/\/carrehotel.nl\/#website\",\"url\":\"https:\/\/carrehotel.nl\/\",\"name\":\"Carr\u00e9 Hotel Zuid-Limburg\",\"description\":\"Je zal er maar slapen!\",\"publisher\":{\"@id\":\"https:\/\/carrehotel.nl\/#organization\"},\"potentialAction\":[{\"@type\":\"SearchAction\",\"target\":{\"@type\":\"EntryPoint\",\"urlTemplate\":\"https:\/\/carrehotel.nl\/?s={search_term_string}\"},\"query-input\":{\"@type\":\"PropertyValueSpecification\",\"valueRequired\":true,\"valueName\":\"search_term_string\"}}],\"inLanguage\":\"de\"},{\"@type\":\"Organization\",\"@id\":\"https:\/\/carrehotel.nl\/#organization\",\"name\":\"Carr\u00e9 Hotel Zuid-Limburg\",\"alternateName\":\"Hotel Zuid-Limburg B.V.\",\"url\":\"https:\/\/carrehotel.nl\/\",\"logo\":{\"@type\":\"ImageObject\",\"inLanguage\":\"de\",\"@id\":\"https:\/\/carrehotel.nl\/#\/schema\/logo\/image\/\",\"url\":\"https:\/\/carrehotel.nl\/wp-content\/uploads\/2023\/02\/Hotel-ZuidLimburg_Logo_Beeldmerk.png\",\"contentUrl\":\"https:\/\/carrehotel.nl\/wp-content\/uploads\/2023\/02\/Hotel-ZuidLimburg_Logo_Beeldmerk.png\",\"width\":543,\"height\":543,\"caption\":\"Carr\u00e9 Hotel Zuid-Limburg\"},\"image\":{\"@id\":\"https:\/\/carrehotel.nl\/#\/schema\/logo\/image\/\"},\"sameAs\":[\"https:\/\/www.facebook.com\/CarreHotelZuidLimburg\",\"https:\/\/www.instagram.com\/CarreHotelZuidLimburg\/\",\"https:\/\/www.youtube.com\/@CarreHotelZuid-Limburg\"]}]}<\/script>\n<!-- \/ Yoast SEO plugin. -->","yoast_head_json":{"title":"Vielen Dank im Namen unseres Partners - Carr\u00e9 Hotel Zuid-Limburg","robots":{"index":"index","follow":"follow","max-snippet":"max-snippet:-1","max-image-preview":"max-image-preview:large","max-video-preview":"max-video-preview:-1"},"canonical":"https:\/\/carrehotel.nl\/de\/partner-reservierung\/danke-im-namen-unser-partner\/","og_locale":"de_DE","og_type":"article","og_title":"Bedankt namens onze partner - Carr\u00e9 Hotel Zuid-Limburg","og_description":"Bedankt voor uw aanvraag Veel plezier! Onze partner zal zo spoedig mogelijk contact met u opnemen inzake uw aanvraag.","og_url":"https:\/\/carrehotel.nl\/de\/partner-reservierung\/danke-im-namen-unser-partner\/","og_site_name":"Carr\u00e9 Hotel Zuid-Limburg","article_publisher":"https:\/\/www.facebook.com\/CarreHotelZuidLimburg","article_modified_time":"2023-05-11T20:07:07+00:00","og_image":[{"width":979,"height":426,"url":"https:\/\/carrehotel.nl\/wp-content\/uploads\/2023\/03\/Hotel-ZuidLimburg_Logo_Liggend.png","type":"image\/png"}],"twitter_card":"summary_large_image","twitter_misc":{"Gesch\u00e4tzte Lesezeit":"17\u00a0Minuten"},"schema":{"@context":"https:\/\/schema.org","@graph":[{"@type":"WebPage","@id":"https:\/\/carrehotel.nl\/partner-reservering\/bedankt-namens-onze-partner\/","url":"https:\/\/carrehotel.nl\/partner-reservering\/bedankt-namens-onze-partner\/","name":"Vielen Dank im Namen unseres Partners - Carr\u00e9 Hotel Zuid-Limburg","isPartOf":{"@id":"https:\/\/carrehotel.nl\/#website"},"datePublished":"2023-05-11T20:05:35+00:00","dateModified":"2023-05-11T20:07:07+00:00","breadcrumb":{"@id":"https:\/\/carrehotel.nl\/partner-reservering\/bedankt-namens-onze-partner\/#breadcrumb"},"inLanguage":"de","potentialAction":[{"@type":"ReadAction","target":["https:\/\/carrehotel.nl\/partner-reservering\/bedankt-namens-onze-partner\/"]}]},{"@type":"BreadcrumbList","@id":"https:\/\/carrehotel.nl\/partner-reservering\/bedankt-namens-onze-partner\/#breadcrumb","itemListElement":[{"@type":"ListItem","position":1,"name":"Home","item":"https:\/\/carrehotel.nl\/"},{"@type":"ListItem","position":2,"name":"Partner reservering","item":"https:\/\/carrehotel.nl\/partner-reservering\/"},{"@type":"ListItem","position":3,"name":"Bedankt namens onze partner"}]},{"@type":"WebSite","@id":"https:\/\/carrehotel.nl\/#website","url":"https:\/\/carrehotel.nl\/","name":"Carr\u00e9 Hotel Zuid-Limburg","description":"da kommen Sie zur Ruhe","publisher":{"@id":"https:\/\/carrehotel.nl\/#organization"},"potentialAction":[{"@type":"SearchAction","target":{"@type":"EntryPoint","urlTemplate":"https:\/\/carrehotel.nl\/?s={search_term_string}"},"query-input":{"@type":"PropertyValueSpecification","valueRequired":true,"valueName":"search_term_string"}}],"inLanguage":"de"},{"@type":"Organization","@id":"https:\/\/carrehotel.nl\/#organization","name":"Carr\u00e9 Hotel Zuid-Limburg","alternateName":"Hotel Zuid-Limburg B.V.","url":"https:\/\/carrehotel.nl\/","logo":{"@type":"ImageObject","inLanguage":"de","@id":"https:\/\/carrehotel.nl\/#\/schema\/logo\/image\/","url":"https:\/\/carrehotel.nl\/wp-content\/uploads\/2023\/02\/Hotel-ZuidLimburg_Logo_Beeldmerk.png","contentUrl":"https:\/\/carrehotel.nl\/wp-content\/uploads\/2023\/02\/Hotel-ZuidLimburg_Logo_Beeldmerk.png","width":543,"height":543,"caption":"Carr\u00e9 Hotel Zuid-Limburg"},"image":{"@id":"https:\/\/carrehotel.nl\/#\/schema\/logo\/image\/"},"sameAs":["https:\/\/www.facebook.com\/CarreHotelZuidLimburg","https:\/\/www.instagram.com\/CarreHotelZuidLimburg\/","https:\/\/www.youtube.com\/@CarreHotelZuid-Limburg"]}]}},"_links":{"self":[{"href":"https:\/\/carrehotel.nl\/de\/wp-json\/wp\/v2\/pages\/4617","targetHints":{"allow":["GET"]}}],"collection":[{"href":"https:\/\/carrehotel.nl\/de\/wp-json\/wp\/v2\/pages"}],"about":[{"href":"https:\/\/carrehotel.nl\/de\/wp-json\/wp\/v2\/types\/page"}],"author":[{"embeddable":true,"href":"https:\/\/carrehotel.nl\/de\/wp-json\/wp\/v2\/users\/1"}],"replies":[{"embeddable":true,"href":"https:\/\/carrehotel.nl\/de\/wp-json\/wp\/v2\/comments?post=4617"}],"version-history":[{"count":0,"href":"https:\/\/carrehotel.nl\/de\/wp-json\/wp\/v2\/pages\/4617\/revisions"}],"up":[{"embeddable":true,"href":"https:\/\/carrehotel.nl\/de\/wp-json\/wp\/v2\/pages\/4460"}],"wp:attachment":[{"href":"https:\/\/carrehotel.nl\/de\/wp-json\/wp\/v2\/media?parent=4617"}],"curies":[{"name":"wp","href":"https:\/\/api.w.org\/{rel}","templated":true}]}}