{"id":6532,"date":"2024-05-21T16:15:30","date_gmt":"2024-05-21T14:15:30","guid":{"rendered":"https:\/\/carrehotel.nl\/?page_id=6532"},"modified":"2024-05-21T16:29:38","modified_gmt":"2024-05-21T14:29:38","slug":"ontbijten-in-de-buurt","status":"publish","type":"page","link":"https:\/\/carrehotel.nl\/de\/ontbijten-in-de-buurt\/","title":{"rendered":"Fr\u00fchst\u00fcck in der Nachbarschaft"},"content":{"rendered":"\t\t<div data-elementor-type=\"wp-page\" data-elementor-id=\"6532\" class=\"elementor elementor-6532\" data-elementor-post-type=\"page\">\n\t\t\t\t\t\t<section class=\"elementor-section elementor-top-section elementor-element elementor-element-167710a elementor-section-boxed elementor-section-height-default elementor-section-height-default\" data-id=\"167710a\" data-element_type=\"section\" data-e-type=\"section\" data-settings=\"{&quot;background_background&quot;:&quot;classic&quot;,&quot;jet_parallax_layout_list&quot;:[]}\">\n\t\t\t\t\t\t<div class=\"elementor-container elementor-column-gap-default\">\n\t\t\t\t\t<div class=\"elementor-column elementor-col-100 elementor-top-column elementor-element elementor-element-de992c1\" data-id=\"de992c1\" data-element_type=\"column\" data-e-type=\"column\">\n\t\t\t<div class=\"elementor-widget-wrap elementor-element-populated\">\n\t\t\t\t\t\t<div class=\"elementor-element elementor-element-4f2a670 elementor-widget elementor-widget-heading\" data-id=\"4f2a670\" data-element_type=\"widget\" data-e-type=\"widget\" data-widget_type=\"heading.default\">\n\t\t\t\t<div class=\"elementor-widget-container\">\n\t\t\t\t\t<span class=\"elementor-heading-title elementor-size-default\">De beste ontbijtlocaties in de buurt<\/span>\t\t\t\t<\/div>\n\t\t\t\t<\/div>\n\t\t\t\t<div class=\"elementor-element elementor-element-5c452f9 elementor-widget elementor-widget-heading\" data-id=\"5c452f9\" data-element_type=\"widget\" data-e-type=\"widget\" data-widget_type=\"heading.default\">\n\t\t\t\t<div class=\"elementor-widget-container\">\n\t\t\t\t\t<h1 class=\"elementor-heading-title elementor-size-default\">Ontbijten in de buurt<\/h1>\t\t\t\t<\/div>\n\t\t\t\t<\/div>\n\t\t\t\t<div class=\"elementor-element elementor-element-3689fa4 elementor-widget elementor-widget-spacer\" data-id=\"3689fa4\" data-element_type=\"widget\" data-e-type=\"widget\" data-widget_type=\"spacer.default\">\n\t\t\t\t<div class=\"elementor-widget-container\">\n\t\t\t\t\t\t\t<div class=\"elementor-spacer\">\n\t\t\t<div class=\"elementor-spacer-inner\"><\/div>\n\t\t<\/div>\n\t\t\t\t\t\t<\/div>\n\t\t\t\t<\/div>\n\t\t\t\t<div class=\"elementor-element elementor-element-70de663 elementor-widget elementor-widget-text-editor\" data-id=\"70de663\" data-element_type=\"widget\" data-e-type=\"widget\" data-widget_type=\"text-editor.default\">\n\t\t\t\t<div class=\"elementor-widget-container\">\n\t\t\t\t\t\t\t\t\t<p>Zuid-Limburg is rijk aan mooie en fijne ontbijtplekken. Wij hebben een selectie voor u gemaakt van d\u00e9 plekken waar u volgens ons het beste een ontbijtje kunt nuttigen.<\/p>\t\t\t\t\t\t\t\t<\/div>\n\t\t\t\t<\/div>\n\t\t\t\t\t<\/div>\n\t\t<\/div>\n\t\t\t\t\t<\/div>\n\t\t<\/section>\n\t\t\t\t<section class=\"elementor-section elementor-top-section elementor-element elementor-element-e0b739d elementor-section-boxed elementor-section-height-default elementor-section-height-default\" data-id=\"e0b739d\" data-element_type=\"section\" data-e-type=\"section\" data-settings=\"{&quot;jet_parallax_layout_list&quot;:[]}\">\n\t\t\t\t\t\t<div class=\"elementor-container elementor-column-gap-default\">\n\t\t\t\t\t<div class=\"elementor-column elementor-col-100 elementor-top-column elementor-element elementor-element-115ba23\" data-id=\"115ba23\" data-element_type=\"column\" data-e-type=\"column\">\n\t\t\t<div class=\"elementor-widget-wrap elementor-element-populated\">\n\t\t\t\t\t\t<div class=\"elementor-element elementor-element-1734f3c eael_liquid_glass-effect1 eael_liquid_glass_shadow-effect1 elementor-widget elementor-widget-jet-listing-grid\" data-id=\"1734f3c\" data-element_type=\"widget\" data-e-type=\"widget\" data-settings=\"{&quot;columns&quot;:&quot;3&quot;,&quot;columns_mobile&quot;:&quot;1&quot;}\" data-widget_type=\"jet-listing-grid.default\">\n\t\t\t\t<div class=\"elementor-widget-container\">\n\t\t\t\t\t<div class=\"jet-listing-grid jet-listing\"><div class=\"jet-listing-grid__items grid-col-desk-3 grid-col-tablet-3 grid-col-mobile-1 jet-listing-grid--591 jet-listing-grid__masonry\" data-masonry-grid-options=\"{&quot;columns&quot;:{&quot;desktop&quot;:3,&quot;tablet&quot;:3,&quot;mobile&quot;:1}}\" data-queried-id=\"6532|WP_Post\" data-nav=\"{&quot;enabled&quot;:true,&quot;type&quot;:&quot;scroll&quot;,&quot;more_el&quot;:null,&quot;query&quot;:{&quot;post_status&quot;:[&quot;publish&quot;],&quot;post_type&quot;:&quot;in-de-buurt&quot;,&quot;posts_per_page&quot;:&quot;30&quot;,&quot;paged&quot;:&quot;1&quot;,&quot;ignore_sticky_posts&quot;:&quot;1&quot;,&quot;tax_query&quot;:[{&quot;taxonomy&quot;:&quot;te-doen&quot;,&quot;field&quot;:&quot;IN&quot;,&quot;terms&quot;:[&quot;201&quot;],&quot;operator&quot;:&quot;IN&quot;}],&quot;order&quot;:&quot;ASC&quot;,&quot;orderby&quot;:&quot;RAND(2061726494)&quot;,&quot;suppress_filters&quot;:false,&quot;jet_smart_filters&quot;:&quot;jet-engine\\\/default&quot;,&quot;signature&quot;:&quot;f991b3cd01aab3ed66f38fbdcd97e8f969c0c956bfc4446668d318b1799d8cb5&quot;},&quot;widget_settings&quot;:{&quot;lisitng_id&quot;:591,&quot;posts_num&quot;:30,&quot;columns&quot;:3,&quot;columns_tablet&quot;:3,&quot;columns_mobile&quot;:1,&quot;column_min_width&quot;:240,&quot;column_min_width_tablet&quot;:240,&quot;column_min_width_mobile&quot;:240,&quot;inline_columns_css&quot;:false,&quot;is_archive_template&quot;:&quot;&quot;,&quot;post_status&quot;:[&quot;publish&quot;],&quot;use_random_posts_num&quot;:&quot;&quot;,&quot;max_posts_num&quot;:9,&quot;not_found_message&quot;:&quot;We hebben helaas niets kunnen vinden wat voldoet aan (al) uw zoekcriteria.&quot;,&quot;is_masonry&quot;:true,&quot;equal_columns_height&quot;:&quot;&quot;,&quot;use_load_more&quot;:&quot;yes&quot;,&quot;load_more_id&quot;:&quot;&quot;,&quot;load_more_type&quot;:&quot;scroll&quot;,&quot;load_more_offset&quot;:{&quot;unit&quot;:&quot;px&quot;,&quot;size&quot;:0,&quot;sizes&quot;:[]},&quot;use_custom_post_types&quot;:&quot;&quot;,&quot;custom_post_types&quot;:[],&quot;hide_widget_if&quot;:&quot;&quot;,&quot;carousel_enabled&quot;:&quot;&quot;,&quot;slides_to_scroll&quot;:&quot;1&quot;,&quot;arrows&quot;:&quot;true&quot;,&quot;arrow_icon&quot;:&quot;fa fa-angle-left&quot;,&quot;dots&quot;:&quot;true&quot;,&quot;autoplay&quot;:&quot;true&quot;,&quot;pause_on_hover&quot;:&quot;true&quot;,&quot;autoplay_speed&quot;:5000,&quot;infinite&quot;:&quot;true&quot;,&quot;center_mode&quot;:&quot;&quot;,&quot;effect&quot;:&quot;slide&quot;,&quot;speed&quot;:500,&quot;inject_alternative_items&quot;:&quot;&quot;,&quot;injection_items&quot;:[],&quot;scroll_slider_enabled&quot;:&quot;&quot;,&quot;scroll_slider_on&quot;:[&quot;desktop&quot;,&quot;tablet&quot;,&quot;mobile&quot;],&quot;custom_query&quot;:false,&quot;custom_query_id&quot;:&quot;&quot;,&quot;_element_id&quot;:&quot;&quot;,&quot;collapse_first_last_gap&quot;:false,&quot;list_tag_selection&quot;:&quot;&quot;,&quot;list_items_wrapper_tag&quot;:&quot;div&quot;,&quot;list_item_tag&quot;:&quot;div&quot;,&quot;empty_items_wrapper_tag&quot;:&quot;div&quot;}}\" data-page=\"1\" data-pages=\"1\" data-listing-source=\"posts\" data-listing-id=\"591\" data-query-id=\"\"><div class=\"jet-listing-grid__item jet-listing-dynamic-post-1002\" data-post-id=\"1002\"  ><style type=\"text\/css\">.jet-listing-dynamic-post-1002 .elementor-element.elementor-element-6c54c07:not(.elementor-motion-effects-element-type-background), .jet-listing-dynamic-post-1002 .elementor-element.elementor-element-6c54c07 > .elementor-motion-effects-container > .elementor-motion-effects-layer{background-image:url(\"https:\/\/carrehotel.nl\/wp-content\/uploads\/2023\/03\/brasserie-america.jpg\");}<\/style><div class=\"jet-engine-listing-overlay-wrap\" data-url=\"https:\/\/carrehotel.nl\/de\/in-de-buurt\/brasserie-america\/\">\t\t<div data-elementor-type=\"jet-listing-items\" data-elementor-id=\"591\" class=\"elementor elementor-591\" data-elementor-post-type=\"jet-engine\">\n\t\t\t\t\t\t<section class=\"elementor-section elementor-top-section elementor-element elementor-element-ba6abac elementor-section-boxed elementor-section-height-default elementor-section-height-default\" data-id=\"ba6abac\" data-element_type=\"section\" data-e-type=\"section\" data-settings=\"{&quot;background_background&quot;:&quot;classic&quot;,&quot;jet_parallax_layout_list&quot;:[]}\">\n\t\t\t\t\t\t<div class=\"elementor-container elementor-column-gap-default\">\n\t\t\t\t\t<div class=\"elementor-column elementor-col-100 elementor-top-column elementor-element elementor-element-eb370fa\" data-id=\"eb370fa\" data-element_type=\"column\" data-e-type=\"column\">\n\t\t\t<div class=\"elementor-widget-wrap elementor-element-populated\">\n\t\t\t\t\t\t<section data-dce-background-image-url=\"https:\/\/carrehotel.nl\/wp-content\/uploads\/2023\/03\/brasserie-america.jpg\" class=\"elementor-section elementor-inner-section elementor-element elementor-element-6c54c07 elementor-section-height-min-height elementor-section-boxed elementor-section-height-default\" data-id=\"6c54c07\" data-element_type=\"section\" data-e-type=\"section\" data-settings=\"{&quot;background_background&quot;:&quot;classic&quot;,&quot;jet_parallax_layout_list&quot;:[]}\">\n\t\t\t\t\t\t\t<div class=\"elementor-background-overlay\"><\/div>\n\t\t\t\t\t\t\t<div class=\"elementor-container elementor-column-gap-default\">\n\t\t\t\t\t<div class=\"elementor-column elementor-col-100 elementor-inner-column elementor-element elementor-element-582c47b\" data-id=\"582c47b\" data-element_type=\"column\" data-e-type=\"column\">\n\t\t\t<div class=\"elementor-widget-wrap elementor-element-populated\">\n\t\t\t\t\t\t<div class=\"elementor-element elementor-element-422978e elementor-widget elementor-widget-spacer\" data-id=\"422978e\" data-element_type=\"widget\" data-e-type=\"widget\" data-widget_type=\"spacer.default\">\n\t\t\t\t<div class=\"elementor-widget-container\">\n\t\t\t\t\t\t\t<div class=\"elementor-spacer\">\n\t\t\t<div class=\"elementor-spacer-inner\"><\/div>\n\t\t<\/div>\n\t\t\t\t\t\t<\/div>\n\t\t\t\t<\/div>\n\t\t\t\t<div data-dce-title-color=\"#F5F2EC\" class=\"elementor-element elementor-element-c6dc037 elementor-widget elementor-widget-heading\" data-id=\"c6dc037\" data-element_type=\"widget\" data-e-type=\"widget\" data-widget_type=\"heading.default\">\n\t\t\t\t<div class=\"elementor-widget-container\">\n\t\t\t\t\t<h2 class=\"elementor-heading-title elementor-size-default\">Foto: Brasserie America<\/h2>\t\t\t\t<\/div>\n\t\t\t\t<\/div>\n\t\t\t\t\t<\/div>\n\t\t<\/div>\n\t\t\t\t\t<\/div>\n\t\t<\/section>\n\t\t\t\t<section class=\"elementor-section elementor-inner-section elementor-element elementor-element-d0c0239 elementor-section-content-middle elementor-section-height-min-height elementor-section-boxed elementor-section-height-default\" data-id=\"d0c0239\" data-element_type=\"section\" data-e-type=\"section\" data-settings=\"{&quot;background_background&quot;:&quot;classic&quot;,&quot;jet_parallax_layout_list&quot;:[]}\">\n\t\t\t\t\t\t<div class=\"elementor-container elementor-column-gap-default\">\n\t\t\t\t\t<div class=\"elementor-column elementor-col-100 elementor-inner-column elementor-element elementor-element-ee816cf\" data-id=\"ee816cf\" data-element_type=\"column\" data-e-type=\"column\">\n\t\t\t<div class=\"elementor-widget-wrap elementor-element-populated\">\n\t\t\t\t\t\t<div class=\"elementor-element elementor-element-8ac04f6 elementor-widget elementor-widget-heading\" data-id=\"8ac04f6\" data-element_type=\"widget\" data-e-type=\"widget\" data-widget_type=\"heading.default\">\n\t\t\t\t<div class=\"elementor-widget-container\">\n\t\t\t\t\t<h2 class=\"elementor-heading-title elementor-size-default\">Brasserie America<\/h2>\t\t\t\t<\/div>\n\t\t\t\t<\/div>\n\t\t\t\t<div class=\"elementor-element elementor-element-5383d5d elementor-widget__width-auto elementor-widget elementor-widget-heading\" data-id=\"5383d5d\" data-element_type=\"widget\" data-e-type=\"widget\" data-widget_type=\"heading.default\">\n\t\t\t\t<div class=\"elementor-widget-container\">\n\t\t\t\t\t<h2 class=\"elementor-heading-title elementor-size-default\"><a href=\"https:\/\/carrehotel.nl\/de\/plaats\/valkenburg\/\" rel=\"tag\">Valkenburg<\/a>,<\/h2>\t\t\t\t<\/div>\n\t\t\t\t<\/div>\n\t\t\t\t<div class=\"elementor-element elementor-element-7ae7721 elementor-widget__width-auto elementor-widget elementor-widget-heading\" data-id=\"7ae7721\" data-element_type=\"widget\" data-e-type=\"widget\" data-widget_type=\"heading.default\">\n\t\t\t\t<div class=\"elementor-widget-container\">\n\t\t\t\t\t<h2 class=\"elementor-heading-title elementor-size-default\">3.8 km<\/h2>\t\t\t\t<\/div>\n\t\t\t\t<\/div>\n\t\t\t\t\t<\/div>\n\t\t<\/div>\n\t\t\t\t\t<\/div>\n\t\t<\/section>\n\t\t\t\t\t<\/div>\n\t\t<\/div>\n\t\t\t\t\t<\/div>\n\t\t<\/section>\n\t\t\t\t<\/div>\n\t\t<a href=\"https:\/\/carrehotel.nl\/de\/in-de-buurt\/brasserie-america\/\" class=\"jet-engine-listing-overlay-link\"><\/a><\/div><\/div><div class=\"jet-listing-grid__item jet-listing-dynamic-post-1001\" data-post-id=\"1001\"  ><style type=\"text\/css\">.jet-listing-dynamic-post-1001 .elementor-element.elementor-element-6c54c07:not(.elementor-motion-effects-element-type-background), .jet-listing-dynamic-post-1001 .elementor-element.elementor-element-6c54c07 > .elementor-motion-effects-container > .elementor-motion-effects-layer{background-image:url(\"https:\/\/carrehotel.nl\/wp-content\/uploads\/2023\/03\/cup-and-vino.jpg\");}<\/style><div class=\"jet-engine-listing-overlay-wrap\" data-url=\"https:\/\/carrehotel.nl\/de\/in-de-buurt\/cup-vino\/\">\t\t<div data-elementor-type=\"jet-listing-items\" data-elementor-id=\"591\" class=\"elementor elementor-591\" data-elementor-post-type=\"jet-engine\">\n\t\t\t\t\t\t<section class=\"elementor-section elementor-top-section elementor-element elementor-element-ba6abac elementor-section-boxed elementor-section-height-default elementor-section-height-default\" data-id=\"ba6abac\" data-element_type=\"section\" data-e-type=\"section\" data-settings=\"{&quot;background_background&quot;:&quot;classic&quot;,&quot;jet_parallax_layout_list&quot;:[]}\">\n\t\t\t\t\t\t<div class=\"elementor-container elementor-column-gap-default\">\n\t\t\t\t\t<div class=\"elementor-column elementor-col-100 elementor-top-column elementor-element elementor-element-eb370fa\" data-id=\"eb370fa\" data-element_type=\"column\" data-e-type=\"column\">\n\t\t\t<div class=\"elementor-widget-wrap elementor-element-populated\">\n\t\t\t\t\t\t<section data-dce-background-image-url=\"https:\/\/carrehotel.nl\/wp-content\/uploads\/2023\/03\/cup-and-vino.jpg\" class=\"elementor-section elementor-inner-section elementor-element elementor-element-6c54c07 elementor-section-height-min-height elementor-section-boxed elementor-section-height-default\" data-id=\"6c54c07\" data-element_type=\"section\" data-e-type=\"section\" data-settings=\"{&quot;background_background&quot;:&quot;classic&quot;,&quot;jet_parallax_layout_list&quot;:[]}\">\n\t\t\t\t\t\t\t<div class=\"elementor-background-overlay\"><\/div>\n\t\t\t\t\t\t\t<div class=\"elementor-container elementor-column-gap-default\">\n\t\t\t\t\t<div class=\"elementor-column elementor-col-100 elementor-inner-column elementor-element elementor-element-582c47b\" data-id=\"582c47b\" data-element_type=\"column\" data-e-type=\"column\">\n\t\t\t<div class=\"elementor-widget-wrap elementor-element-populated\">\n\t\t\t\t\t\t<div class=\"elementor-element elementor-element-422978e elementor-widget elementor-widget-spacer\" data-id=\"422978e\" data-element_type=\"widget\" data-e-type=\"widget\" data-widget_type=\"spacer.default\">\n\t\t\t\t<div class=\"elementor-widget-container\">\n\t\t\t\t\t\t\t<div class=\"elementor-spacer\">\n\t\t\t<div class=\"elementor-spacer-inner\"><\/div>\n\t\t<\/div>\n\t\t\t\t\t\t<\/div>\n\t\t\t\t<\/div>\n\t\t\t\t\t<\/div>\n\t\t<\/div>\n\t\t\t\t\t<\/div>\n\t\t<\/section>\n\t\t\t\t<section class=\"elementor-section elementor-inner-section elementor-element elementor-element-d0c0239 elementor-section-content-middle elementor-section-height-min-height elementor-section-boxed elementor-section-height-default\" data-id=\"d0c0239\" data-element_type=\"section\" data-e-type=\"section\" data-settings=\"{&quot;background_background&quot;:&quot;classic&quot;,&quot;jet_parallax_layout_list&quot;:[]}\">\n\t\t\t\t\t\t<div class=\"elementor-container elementor-column-gap-default\">\n\t\t\t\t\t<div class=\"elementor-column elementor-col-100 elementor-inner-column elementor-element elementor-element-ee816cf\" data-id=\"ee816cf\" data-element_type=\"column\" data-e-type=\"column\">\n\t\t\t<div class=\"elementor-widget-wrap elementor-element-populated\">\n\t\t\t\t\t\t<div class=\"elementor-element elementor-element-8ac04f6 elementor-widget elementor-widget-heading\" data-id=\"8ac04f6\" data-element_type=\"widget\" data-e-type=\"widget\" data-widget_type=\"heading.default\">\n\t\t\t\t<div class=\"elementor-widget-container\">\n\t\t\t\t\t<h2 class=\"elementor-heading-title elementor-size-default\">Cup &#038; Vino<\/h2>\t\t\t\t<\/div>\n\t\t\t\t<\/div>\n\t\t\t\t<div class=\"elementor-element elementor-element-5383d5d elementor-widget__width-auto elementor-widget elementor-widget-heading\" data-id=\"5383d5d\" data-element_type=\"widget\" data-e-type=\"widget\" data-widget_type=\"heading.default\">\n\t\t\t\t<div class=\"elementor-widget-container\">\n\t\t\t\t\t<h2 class=\"elementor-heading-title elementor-size-default\"><a href=\"https:\/\/carrehotel.nl\/de\/plaats\/valkenburg\/\" rel=\"tag\">Valkenburg<\/a>,<\/h2>\t\t\t\t<\/div>\n\t\t\t\t<\/div>\n\t\t\t\t<div class=\"elementor-element elementor-element-7ae7721 elementor-widget__width-auto elementor-widget elementor-widget-heading\" data-id=\"7ae7721\" data-element_type=\"widget\" data-e-type=\"widget\" data-widget_type=\"heading.default\">\n\t\t\t\t<div class=\"elementor-widget-container\">\n\t\t\t\t\t<h2 class=\"elementor-heading-title elementor-size-default\">3.7 km<\/h2>\t\t\t\t<\/div>\n\t\t\t\t<\/div>\n\t\t\t\t\t<\/div>\n\t\t<\/div>\n\t\t\t\t\t<\/div>\n\t\t<\/section>\n\t\t\t\t\t<\/div>\n\t\t<\/div>\n\t\t\t\t\t<\/div>\n\t\t<\/section>\n\t\t\t\t<\/div>\n\t\t<a href=\"https:\/\/carrehotel.nl\/de\/in-de-buurt\/cup-vino\/\" class=\"jet-engine-listing-overlay-link\"><\/a><\/div><\/div><\/div><\/div>\t\t\t\t<\/div>\n\t\t\t\t<\/div>\n\t\t\t\t\t<\/div>\n\t\t<\/div>\n\t\t\t\t\t<\/div>\n\t\t<\/section>\n\t\t\t\t<\/div>\n\t\t","protected":false},"excerpt":{"rendered":"<p>Die besten Fr\u00fchst\u00fcckslokale in der Umgebung Das Fr\u00fchst\u00fcck in der Umgebung S\u00fcdlimburgs ist reich an sch\u00f6nen und guten Fr\u00fchst\u00fcckslokalen. Wir haben f\u00fcr Sie eine Auswahl der Orte getroffen, an denen Sie unserer Meinung nach am besten fr\u00fchst\u00fccken k\u00f6nnen.<\/p>","protected":false},"author":1,"featured_media":0,"parent":0,"menu_order":0,"comment_status":"closed","ping_status":"closed","template":"","meta":{"footnotes":""},"class_list":["post-6532","page","type-page","status-publish","hentry"],"yoast_head":"<!-- This site is optimized with the Yoast SEO plugin v27.1.1 - https:\/\/yoast.com\/product\/yoast-seo-wordpress\/ -->\n<title>Ontbijten in de buurt - Carr\u00e9 Hotel Zuid-Limburg<\/title>\n<meta name=\"robots\" content=\"index, follow, max-snippet:-1, max-image-preview:large, max-video-preview:-1\" \/>\n<link rel=\"canonical\" href=\"https:\/\/carrehotel.nl\/de\/ontbijten-in-de-buurt\/\" \/>\n<meta property=\"og:locale\" content=\"de_DE\" \/>\n<meta property=\"og:type\" content=\"article\" \/>\n<meta property=\"og:title\" content=\"Ontbijten in de buurt - Carr\u00e9 Hotel Zuid-Limburg\" \/>\n<meta property=\"og:description\" content=\"De beste ontbijtlocaties in de buurt Ontbijten in de buurt Zuid-Limburg is rijk aan mooie en fijne ontbijtplekken. Wij hebben een selectie voor u gemaakt van d\u00e9 plekken waar u volgens ons het beste een ontbijtje kunt nuttigen.\" \/>\n<meta property=\"og:url\" content=\"https:\/\/carrehotel.nl\/de\/ontbijten-in-de-buurt\/\" \/>\n<meta property=\"og:site_name\" content=\"Carr\u00e9 Hotel Zuid-Limburg\" \/>\n<meta property=\"article:publisher\" content=\"https:\/\/www.facebook.com\/CarreHotelZuidLimburg\" \/>\n<meta property=\"article:modified_time\" content=\"2024-05-21T14:29:38+00:00\" \/>\n<meta property=\"og:image\" content=\"https:\/\/carrehotel.nl\/wp-content\/uploads\/2023\/03\/Hotel-ZuidLimburg_Logo_Liggend.png\" \/>\n\t<meta property=\"og:image:width\" content=\"979\" \/>\n\t<meta property=\"og:image:height\" content=\"426\" \/>\n\t<meta property=\"og:image:type\" content=\"image\/png\" \/>\n<meta name=\"twitter:card\" content=\"summary_large_image\" \/>\n<meta name=\"twitter:label1\" content=\"Gesch\u00e4tzte Lesezeit\" \/>\n\t<meta name=\"twitter:data1\" content=\"1\u00a0Minute\" \/>\n<script type=\"application\/ld+json\" class=\"yoast-schema-graph\">{\"@context\":\"https:\/\/schema.org\",\"@graph\":[{\"@type\":\"WebPage\",\"@id\":\"https:\/\/carrehotel.nl\/ontbijten-in-de-buurt\/\",\"url\":\"https:\/\/carrehotel.nl\/ontbijten-in-de-buurt\/\",\"name\":\"Ontbijten in de buurt - Carr\u00e9 Hotel Zuid-Limburg\",\"isPartOf\":{\"@id\":\"https:\/\/carrehotel.nl\/#website\"},\"datePublished\":\"2024-05-21T14:15:30+00:00\",\"dateModified\":\"2024-05-21T14:29:38+00:00\",\"breadcrumb\":{\"@id\":\"https:\/\/carrehotel.nl\/ontbijten-in-de-buurt\/#breadcrumb\"},\"inLanguage\":\"de\",\"potentialAction\":[{\"@type\":\"ReadAction\",\"target\":[\"https:\/\/carrehotel.nl\/ontbijten-in-de-buurt\/\"]}]},{\"@type\":\"BreadcrumbList\",\"@id\":\"https:\/\/carrehotel.nl\/ontbijten-in-de-buurt\/#breadcrumb\",\"itemListElement\":[{\"@type\":\"ListItem\",\"position\":1,\"name\":\"Home\",\"item\":\"https:\/\/carrehotel.nl\/\"},{\"@type\":\"ListItem\",\"position\":2,\"name\":\"Ontbijten in de buurt\"}]},{\"@type\":\"WebSite\",\"@id\":\"https:\/\/carrehotel.nl\/#website\",\"url\":\"https:\/\/carrehotel.nl\/\",\"name\":\"Carr\u00e9 Hotel Zuid-Limburg\",\"description\":\"Je zal er maar slapen!\",\"publisher\":{\"@id\":\"https:\/\/carrehotel.nl\/#organization\"},\"potentialAction\":[{\"@type\":\"SearchAction\",\"target\":{\"@type\":\"EntryPoint\",\"urlTemplate\":\"https:\/\/carrehotel.nl\/?s={search_term_string}\"},\"query-input\":{\"@type\":\"PropertyValueSpecification\",\"valueRequired\":true,\"valueName\":\"search_term_string\"}}],\"inLanguage\":\"de\"},{\"@type\":\"Organization\",\"@id\":\"https:\/\/carrehotel.nl\/#organization\",\"name\":\"Carr\u00e9 Hotel Zuid-Limburg\",\"alternateName\":\"Hotel Zuid-Limburg B.V.\",\"url\":\"https:\/\/carrehotel.nl\/\",\"logo\":{\"@type\":\"ImageObject\",\"inLanguage\":\"de\",\"@id\":\"https:\/\/carrehotel.nl\/#\/schema\/logo\/image\/\",\"url\":\"https:\/\/carrehotel.nl\/wp-content\/uploads\/2023\/02\/Hotel-ZuidLimburg_Logo_Beeldmerk.png\",\"contentUrl\":\"https:\/\/carrehotel.nl\/wp-content\/uploads\/2023\/02\/Hotel-ZuidLimburg_Logo_Beeldmerk.png\",\"width\":543,\"height\":543,\"caption\":\"Carr\u00e9 Hotel Zuid-Limburg\"},\"image\":{\"@id\":\"https:\/\/carrehotel.nl\/#\/schema\/logo\/image\/\"},\"sameAs\":[\"https:\/\/www.facebook.com\/CarreHotelZuidLimburg\",\"https:\/\/www.instagram.com\/CarreHotelZuidLimburg\/\",\"https:\/\/www.youtube.com\/@CarreHotelZuid-Limburg\"]}]}<\/script>\n<!-- \/ Yoast SEO plugin. -->","yoast_head_json":{"title":"Fr\u00fchst\u00fcck in der Nachbarschaft - Carr\u00e9 Hotel Zuid-Limburg","robots":{"index":"index","follow":"follow","max-snippet":"max-snippet:-1","max-image-preview":"max-image-preview:large","max-video-preview":"max-video-preview:-1"},"canonical":"https:\/\/carrehotel.nl\/de\/ontbijten-in-de-buurt\/","og_locale":"de_DE","og_type":"article","og_title":"Ontbijten in de buurt - Carr\u00e9 Hotel Zuid-Limburg","og_description":"De beste ontbijtlocaties in de buurt Ontbijten in de buurt Zuid-Limburg is rijk aan mooie en fijne ontbijtplekken. Wij hebben een selectie voor u gemaakt van d\u00e9 plekken waar u volgens ons het beste een ontbijtje kunt nuttigen.","og_url":"https:\/\/carrehotel.nl\/de\/ontbijten-in-de-buurt\/","og_site_name":"Carr\u00e9 Hotel Zuid-Limburg","article_publisher":"https:\/\/www.facebook.com\/CarreHotelZuidLimburg","article_modified_time":"2024-05-21T14:29:38+00:00","og_image":[{"width":979,"height":426,"url":"https:\/\/carrehotel.nl\/wp-content\/uploads\/2023\/03\/Hotel-ZuidLimburg_Logo_Liggend.png","type":"image\/png"}],"twitter_card":"summary_large_image","twitter_misc":{"Gesch\u00e4tzte Lesezeit":"1\u00a0Minute"},"schema":{"@context":"https:\/\/schema.org","@graph":[{"@type":"WebPage","@id":"https:\/\/carrehotel.nl\/ontbijten-in-de-buurt\/","url":"https:\/\/carrehotel.nl\/ontbijten-in-de-buurt\/","name":"Fr\u00fchst\u00fcck in der Nachbarschaft - Carr\u00e9 Hotel Zuid-Limburg","isPartOf":{"@id":"https:\/\/carrehotel.nl\/#website"},"datePublished":"2024-05-21T14:15:30+00:00","dateModified":"2024-05-21T14:29:38+00:00","breadcrumb":{"@id":"https:\/\/carrehotel.nl\/ontbijten-in-de-buurt\/#breadcrumb"},"inLanguage":"de","potentialAction":[{"@type":"ReadAction","target":["https:\/\/carrehotel.nl\/ontbijten-in-de-buurt\/"]}]},{"@type":"BreadcrumbList","@id":"https:\/\/carrehotel.nl\/ontbijten-in-de-buurt\/#breadcrumb","itemListElement":[{"@type":"ListItem","position":1,"name":"Home","item":"https:\/\/carrehotel.nl\/"},{"@type":"ListItem","position":2,"name":"Ontbijten in de buurt"}]},{"@type":"WebSite","@id":"https:\/\/carrehotel.nl\/#website","url":"https:\/\/carrehotel.nl\/","name":"Carr\u00e9 Hotel Zuid-Limburg","description":"da kommen Sie zur Ruhe","publisher":{"@id":"https:\/\/carrehotel.nl\/#organization"},"potentialAction":[{"@type":"SearchAction","target":{"@type":"EntryPoint","urlTemplate":"https:\/\/carrehotel.nl\/?s={search_term_string}"},"query-input":{"@type":"PropertyValueSpecification","valueRequired":true,"valueName":"search_term_string"}}],"inLanguage":"de"},{"@type":"Organization","@id":"https:\/\/carrehotel.nl\/#organization","name":"Carr\u00e9 Hotel Zuid-Limburg","alternateName":"Hotel Zuid-Limburg B.V.","url":"https:\/\/carrehotel.nl\/","logo":{"@type":"ImageObject","inLanguage":"de","@id":"https:\/\/carrehotel.nl\/#\/schema\/logo\/image\/","url":"https:\/\/carrehotel.nl\/wp-content\/uploads\/2023\/02\/Hotel-ZuidLimburg_Logo_Beeldmerk.png","contentUrl":"https:\/\/carrehotel.nl\/wp-content\/uploads\/2023\/02\/Hotel-ZuidLimburg_Logo_Beeldmerk.png","width":543,"height":543,"caption":"Carr\u00e9 Hotel Zuid-Limburg"},"image":{"@id":"https:\/\/carrehotel.nl\/#\/schema\/logo\/image\/"},"sameAs":["https:\/\/www.facebook.com\/CarreHotelZuidLimburg","https:\/\/www.instagram.com\/CarreHotelZuidLimburg\/","https:\/\/www.youtube.com\/@CarreHotelZuid-Limburg"]}]}},"_links":{"self":[{"href":"https:\/\/carrehotel.nl\/de\/wp-json\/wp\/v2\/pages\/6532","targetHints":{"allow":["GET"]}}],"collection":[{"href":"https:\/\/carrehotel.nl\/de\/wp-json\/wp\/v2\/pages"}],"about":[{"href":"https:\/\/carrehotel.nl\/de\/wp-json\/wp\/v2\/types\/page"}],"author":[{"embeddable":true,"href":"https:\/\/carrehotel.nl\/de\/wp-json\/wp\/v2\/users\/1"}],"replies":[{"embeddable":true,"href":"https:\/\/carrehotel.nl\/de\/wp-json\/wp\/v2\/comments?post=6532"}],"version-history":[{"count":0,"href":"https:\/\/carrehotel.nl\/de\/wp-json\/wp\/v2\/pages\/6532\/revisions"}],"wp:attachment":[{"href":"https:\/\/carrehotel.nl\/de\/wp-json\/wp\/v2\/media?parent=6532"}],"curies":[{"name":"wp","href":"https:\/\/api.w.org\/{rel}","templated":true}]}}