{"id":87,"date":"2023-02-01T20:18:04","date_gmt":"2023-02-01T19:18:04","guid":{"rendered":"https:\/\/carrehotel.nl\/?page_id=87"},"modified":"2023-12-12T15:07:18","modified_gmt":"2023-12-12T14:07:18","slug":"unser-hotel","status":"publish","type":"page","link":"https:\/\/carrehotel.nl\/de\/ons-hotel\/","title":{"rendered":"Unser Hotel"},"content":{"rendered":"<div data-elementor-type=\"wp-page\" data-elementor-id=\"87\" class=\"elementor elementor-87\" data-elementor-post-type=\"page\">\n\t\t\t\t\t\t<section class=\"elementor-section elementor-top-section elementor-element elementor-element-1f2e335 elementor-section-boxed elementor-section-height-default elementor-section-height-default\" data-id=\"1f2e335\" data-element_type=\"section\" data-e-type=\"section\" data-settings=\"{&quot;background_background&quot;:&quot;classic&quot;,&quot;jet_parallax_layout_list&quot;:[]}\">\n\t\t\t\t\t\t<div class=\"elementor-container elementor-column-gap-default\">\n\t\t\t\t\t<div class=\"elementor-column elementor-col-100 elementor-top-column elementor-element elementor-element-55a4f95\" data-id=\"55a4f95\" data-element_type=\"column\" data-e-type=\"column\">\n\t\t\t<div class=\"elementor-widget-wrap elementor-element-populated\">\n\t\t\t\t\t\t<div class=\"elementor-element elementor-element-65e2705 elementor-widget elementor-widget-heading\" data-id=\"65e2705\" data-element_type=\"widget\" data-e-type=\"widget\" data-widget_type=\"heading.default\">\n\t\t\t\t<div class=\"elementor-widget-container\">\n\t\t\t\t\t<span class=\"elementor-heading-title elementor-size-default\">Carr\u00e9 Hotel Zuid-Limburg<\/span>\t\t\t\t<\/div>\n\t\t\t\t<\/div>\n\t\t\t\t<div class=\"elementor-element elementor-element-4f5638f elementor-widget elementor-widget-heading\" data-id=\"4f5638f\" data-element_type=\"widget\" data-e-type=\"widget\" data-widget_type=\"heading.default\">\n\t\t\t\t<div class=\"elementor-widget-container\">\n\t\t\t\t\t<h1 class=\"elementor-heading-title elementor-size-default\">Unser Hotel<\/h1>\t\t\t\t<\/div>\n\t\t\t\t<\/div>\n\t\t\t\t<div class=\"elementor-element elementor-element-11c4d67 elementor-widget elementor-widget-spacer\" data-id=\"11c4d67\" data-element_type=\"widget\" data-e-type=\"widget\" data-widget_type=\"spacer.default\">\n\t\t\t\t<div class=\"elementor-widget-container\">\n\t\t\t\t\t\t\t<div class=\"elementor-spacer\">\n\t\t\t<div class=\"elementor-spacer-inner\"><\/div>\n\t\t<\/div>\n\t\t\t\t\t\t<\/div>\n\t\t\t\t<\/div>\n\t\t\t\t<div class=\"elementor-element elementor-element-4a3d482 elementor-widget elementor-widget-text-editor\" data-id=\"4a3d482\" data-element_type=\"widget\" data-e-type=\"widget\" data-widget_type=\"text-editor.default\">\n\t\t\t\t<div class=\"elementor-widget-container\">\n\t\t\t\t\t\t\t\t\t<p>Ein altes Hotel in einem Nationaldenkmal aus dem Jahr 1840 hat sowohl Vor- als auch Nachteile. Es ist wichtig, diese Aspekte zu verstehen, bevor Sie sich entscheiden, in einem solchen Hotel zu wohnen oder es zu betreiben.<\/p>\t\t\t\t\t\t\t\t<\/div>\n\t\t\t\t<\/div>\n\t\t\t\t\t<\/div>\n\t\t<\/div>\n\t\t\t\t\t<\/div>\n\t\t<\/section>\n\t\t\t\t<section class=\"elementor-section elementor-top-section elementor-element elementor-element-20dce6d elementor-section-boxed elementor-section-height-default elementor-section-height-default\" data-id=\"20dce6d\" data-element_type=\"section\" data-e-type=\"section\" data-settings=\"{&quot;jet_parallax_layout_list&quot;:[]}\">\n\t\t\t\t\t\t<div class=\"elementor-container elementor-column-gap-default\">\n\t\t\t\t\t<div class=\"elementor-column elementor-col-100 elementor-top-column elementor-element elementor-element-52bfc0e\" data-id=\"52bfc0e\" data-element_type=\"column\" data-e-type=\"column\">\n\t\t\t<div class=\"elementor-widget-wrap elementor-element-populated\">\n\t\t\t\t\t\t<section data-dce-background-image-url=\"https:\/\/carrehotel.nl\/wp-content\/uploads\/2023\/04\/IMG_0736.png\" class=\"elementor-section elementor-inner-section elementor-element elementor-element-ad179fb elementor-section-boxed elementor-section-height-default elementor-section-height-default\" data-id=\"ad179fb\" data-element_type=\"section\" data-e-type=\"section\" data-settings=\"{&quot;background_background&quot;:&quot;classic&quot;,&quot;jet_parallax_layout_list&quot;:[]}\">\n\t\t\t\t\t\t<div class=\"elementor-container elementor-column-gap-default\">\n\t\t\t\t\t<div class=\"elementor-column elementor-col-100 elementor-inner-column elementor-element elementor-element-dc9b784\" data-id=\"dc9b784\" data-element_type=\"column\" data-e-type=\"column\" data-settings=\"{&quot;background_background&quot;:&quot;classic&quot;}\">\n\t\t\t<div class=\"elementor-widget-wrap elementor-element-populated\">\n\t\t\t\t\t\t<div class=\"elementor-element elementor-element-68072a3 elementor-widget elementor-widget-spacer\" data-id=\"68072a3\" data-element_type=\"widget\" data-e-type=\"widget\" data-widget_type=\"spacer.default\">\n\t\t\t\t<div class=\"elementor-widget-container\">\n\t\t\t\t\t\t\t<div class=\"elementor-spacer\">\n\t\t\t<div class=\"elementor-spacer-inner\"><\/div>\n\t\t<\/div>\n\t\t\t\t\t\t<\/div>\n\t\t\t\t<\/div>\n\t\t\t\t\t<\/div>\n\t\t<\/div>\n\t\t\t\t\t<\/div>\n\t\t<\/section>\n\t\t\t\t\t<\/div>\n\t\t<\/div>\n\t\t\t\t\t<\/div>\n\t\t<\/section>\n\t\t\t\t<section class=\"elementor-section elementor-top-section elementor-element elementor-element-0a2600f elementor-section-boxed elementor-section-height-default elementor-section-height-default\" data-id=\"0a2600f\" data-element_type=\"section\" data-e-type=\"section\" data-settings=\"{&quot;jet_parallax_layout_list&quot;:[]}\">\n\t\t\t\t\t\t<div class=\"elementor-container elementor-column-gap-default\">\n\t\t\t\t\t<div class=\"elementor-column elementor-col-50 elementor-top-column elementor-element elementor-element-5954776\" data-id=\"5954776\" data-element_type=\"column\" data-e-type=\"column\">\n\t\t\t<div class=\"elementor-widget-wrap elementor-element-populated\">\n\t\t\t\t\t\t<div class=\"elementor-element elementor-element-35b34ac elementor-widget elementor-widget-heading\" data-id=\"35b34ac\" data-element_type=\"widget\" data-e-type=\"widget\" data-widget_type=\"heading.default\">\n\t\t\t\t<div class=\"elementor-widget-container\">\n\t\t\t\t\t<h2 class=\"elementor-heading-title elementor-size-default\">\u00dcber unser Hotel<\/h2>\t\t\t\t<\/div>\n\t\t\t\t<\/div>\n\t\t\t\t<div class=\"elementor-element elementor-element-e7dd9f1 elementor-widget elementor-widget-spacer\" data-id=\"e7dd9f1\" data-element_type=\"widget\" data-e-type=\"widget\" data-widget_type=\"spacer.default\">\n\t\t\t\t<div class=\"elementor-widget-container\">\n\t\t\t\t\t\t\t<div class=\"elementor-spacer\">\n\t\t\t<div class=\"elementor-spacer-inner\"><\/div>\n\t\t<\/div>\n\t\t\t\t\t\t<\/div>\n\t\t\t\t<\/div>\n\t\t\t\t<div class=\"elementor-element elementor-element-faf9ba5 elementor-widget elementor-widget-text-editor\" data-id=\"faf9ba5\" data-element_type=\"widget\" data-e-type=\"widget\" data-widget_type=\"text-editor.default\">\n\t\t\t\t<div class=\"elementor-widget-container\">\n\t\t\t\t\t\t\t\t\t<p>Das Carr\u00e9 Hotel S\u00fcdlimburg ist ein au\u00dfergew\u00f6hnliches Hotel im malerischen Dorf Hulsberg in S\u00fcdlimburg. Dieses Hotel hat eine reiche Geschichte und eine sch\u00f6ne Umgebung, die es zu einem beliebten Ziel f\u00fcr Reisende macht, die Ruhe und Entspannung suchen.<\/p>\n<p>Unser Hotel ist in einem alten quadratischen Bauernhaus aus dem Jahr 1841 untergebracht und bietet ein einzigartiges Erlebnis f\u00fcr G\u00e4ste, die ein&nbsp;<a href=\"https:\/\/carrehotel.nl\/de\/nationaldenkmal\/\" target=\"_blank\">authentischer \u00dcbernachtungsort<\/a>. Im Laufe der Jahre wurde das Hotel restauriert, wobei die historischen Merkmale des Bauernhauses erhalten blieben, um ein stimmungsvolles Erlebnis zu gew\u00e4hrleisten.<\/p>\n<p>Carr\u00e9 Hotel Zuid Limburg bietet&nbsp;<a href=\"https:\/\/carrehotel.nl\/de\/zimmer\/\" target=\"_blank\">mehrere R\u00e4ume<\/a>&nbsp;die mit sanften Farben und komfortablen M\u00f6beln eingerichtet sind. Die Zimmer verf\u00fcgen \u00fcber einen Flachbildfernseher, Tee- und Kaffeezubereitungsm\u00f6glichkeiten und kostenloses WLAN. Das Studio und das Loft verf\u00fcgen \u00fcber zus\u00e4tzliche Einrichtungen wie eine eigene K\u00fcche und einen eigenen Balkon. Unsere Zimmer sind zwar kleiner und weniger luxuri\u00f6s ausgestattet als in moderneren Hotels, aber dennoch ist ein Aufenthalt in unserem Hotel am alten Platz ein besonderes und unvergessliches Erlebnis!<\/p>\n<p>Neben einer angenehmen \u00dcbernachtung bietet unser Hotel auch die dazugeh\u00f6rigen <a href=\"https:\/\/carrehotel.nl\/de\/restaurant\/\">Restaurant<\/a> wo die schmackhaftesten Gerichte serviert werden.<\/p>\n<p>Das Hotel liegt mitten im Herzen S\u00fcdlimburgs, am Rande des Dorfes und nur einen Steinwurf vom vielseitigen Valkenburg aan de Geul entfernt. Diese Lage erm\u00f6glicht es unseren G\u00e4sten, die Natur und die sch\u00f6ne Landschaft des Heuvellandes und des \u00fcbrigen S\u00fcdlimburgs in vollen Z\u00fcgen zu genie\u00dfen. Die G\u00e4ste haben die M\u00f6glichkeit, zu wandern oder Rad zu fahren und dabei die Ruhe und die Natur zu genie\u00dfen. Au\u00dferdem gibt es in der N\u00e4he mehrere Attraktionen, die einen Besuch wert sind. So zum Beispiel die sch\u00f6nen Schl\u00f6sser, Museen und Kirchen.<\/p>\n<p>Alles in allem ist das Carr\u00e9 Hotel Zuid-Limburg das ideale Ziel f\u00fcr Reisende, die Ruhe, Entspannung und Natur suchen und die reiche Geschichte und Kultur S\u00fcdlimburgs genie\u00dfen m\u00f6chten!<\/p>\t\t\t\t\t\t\t\t<\/div>\n\t\t\t\t<\/div>\n\t\t\t\t\t<\/div>\n\t\t<\/div>\n\t\t\t\t<div class=\"elementor-column elementor-col-50 elementor-top-column elementor-element elementor-element-a494cf4 elementor-hidden-mobile\" data-id=\"a494cf4\" data-element_type=\"column\" data-e-type=\"column\">\n\t\t\t<div class=\"elementor-widget-wrap\">\n\t\t\t\t\t\t\t<\/div>\n\t\t<\/div>\n\t\t\t\t\t<\/div>\n\t\t<\/section>\n\t\t\t\t<\/div>","protected":false},"excerpt":{"rendered":"<p>Carr\u00e9 Hotel Zuid-Limburg Ons hotel Een oud hotel in een rijksmonument uit 1840 heeft zowel voor- als nadelen. Het is belangrijk om deze aspecten te begrijpen voordat je besluit om in zo&#8217;n hotel te verblijven of om het te runnen. Over ons hotel Carr\u00e9 Hotel Zuid-Limburg is een bijzonder hotel gelegen in het pittoreske dorpje [&hellip;]<\/p>\n","protected":false},"author":1,"featured_media":0,"parent":0,"menu_order":0,"comment_status":"closed","ping_status":"closed","template":"","meta":{"footnotes":""},"class_list":["post-87","page","type-page","status-publish","hentry"],"yoast_head":"<!-- This site is optimized with the Yoast SEO plugin v27.1.1 - https:\/\/yoast.com\/product\/yoast-seo-wordpress\/ -->\n<title>Ons hotel - Carr\u00e9 Hotel Zuid-Limburg<\/title>\n<meta name=\"robots\" content=\"index, follow, max-snippet:-1, max-image-preview:large, max-video-preview:-1\" \/>\n<link rel=\"canonical\" href=\"https:\/\/carrehotel.nl\/de\/unser-hotel\/\" \/>\n<meta property=\"og:locale\" content=\"de_DE\" \/>\n<meta property=\"og:type\" content=\"article\" \/>\n<meta property=\"og:title\" content=\"Ons hotel - Carr\u00e9 Hotel Zuid-Limburg\" \/>\n<meta property=\"og:description\" content=\"Carr\u00e9 Hotel Zuid-Limburg Ons hotel Een oud hotel in een rijksmonument uit 1840 heeft zowel voor- als nadelen. Het is belangrijk om deze aspecten te begrijpen voordat je besluit om in zo&#8217;n hotel te verblijven of om het te runnen. Over ons hotel Carr\u00e9 Hotel Zuid-Limburg is een bijzonder hotel gelegen in het pittoreske dorpje [&hellip;]\" \/>\n<meta property=\"og:url\" content=\"https:\/\/carrehotel.nl\/de\/unser-hotel\/\" \/>\n<meta property=\"og:site_name\" content=\"Carr\u00e9 Hotel Zuid-Limburg\" \/>\n<meta property=\"article:publisher\" content=\"https:\/\/www.facebook.com\/CarreHotelZuidLimburg\" \/>\n<meta property=\"article:modified_time\" content=\"2023-12-12T14:07:18+00:00\" \/>\n<meta property=\"og:image\" content=\"https:\/\/carrehotel.nl\/wp-content\/uploads\/2023\/03\/Hotel-ZuidLimburg_Logo_Liggend.png\" \/>\n\t<meta property=\"og:image:width\" content=\"979\" \/>\n\t<meta property=\"og:image:height\" content=\"426\" \/>\n\t<meta property=\"og:image:type\" content=\"image\/png\" \/>\n<meta name=\"twitter:card\" content=\"summary_large_image\" \/>\n<meta name=\"twitter:label1\" content=\"Gesch\u00e4tzte Lesezeit\" \/>\n\t<meta name=\"twitter:data1\" content=\"2\u00a0Minuten\" \/>\n<script type=\"application\/ld+json\" class=\"yoast-schema-graph\">{\"@context\":\"https:\/\/schema.org\",\"@graph\":[{\"@type\":\"WebPage\",\"@id\":\"https:\/\/carrehotel.nl\/ons-hotel\/\",\"url\":\"https:\/\/carrehotel.nl\/ons-hotel\/\",\"name\":\"Ons hotel - Carr\u00e9 Hotel Zuid-Limburg\",\"isPartOf\":{\"@id\":\"https:\/\/carrehotel.nl\/#website\"},\"datePublished\":\"2023-02-01T19:18:04+00:00\",\"dateModified\":\"2023-12-12T14:07:18+00:00\",\"breadcrumb\":{\"@id\":\"https:\/\/carrehotel.nl\/ons-hotel\/#breadcrumb\"},\"inLanguage\":\"de\",\"potentialAction\":[{\"@type\":\"ReadAction\",\"target\":[\"https:\/\/carrehotel.nl\/ons-hotel\/\"]}]},{\"@type\":\"BreadcrumbList\",\"@id\":\"https:\/\/carrehotel.nl\/ons-hotel\/#breadcrumb\",\"itemListElement\":[{\"@type\":\"ListItem\",\"position\":1,\"name\":\"Home\",\"item\":\"https:\/\/carrehotel.nl\/\"},{\"@type\":\"ListItem\",\"position\":2,\"name\":\"Ons hotel\"}]},{\"@type\":\"WebSite\",\"@id\":\"https:\/\/carrehotel.nl\/#website\",\"url\":\"https:\/\/carrehotel.nl\/\",\"name\":\"Carr\u00e9 Hotel Zuid-Limburg\",\"description\":\"Je zal er maar slapen!\",\"publisher\":{\"@id\":\"https:\/\/carrehotel.nl\/#organization\"},\"potentialAction\":[{\"@type\":\"SearchAction\",\"target\":{\"@type\":\"EntryPoint\",\"urlTemplate\":\"https:\/\/carrehotel.nl\/?s={search_term_string}\"},\"query-input\":{\"@type\":\"PropertyValueSpecification\",\"valueRequired\":true,\"valueName\":\"search_term_string\"}}],\"inLanguage\":\"de\"},{\"@type\":\"Organization\",\"@id\":\"https:\/\/carrehotel.nl\/#organization\",\"name\":\"Carr\u00e9 Hotel Zuid-Limburg\",\"alternateName\":\"Hotel Zuid-Limburg B.V.\",\"url\":\"https:\/\/carrehotel.nl\/\",\"logo\":{\"@type\":\"ImageObject\",\"inLanguage\":\"de\",\"@id\":\"https:\/\/carrehotel.nl\/#\/schema\/logo\/image\/\",\"url\":\"https:\/\/carrehotel.nl\/wp-content\/uploads\/2023\/02\/Hotel-ZuidLimburg_Logo_Beeldmerk.png\",\"contentUrl\":\"https:\/\/carrehotel.nl\/wp-content\/uploads\/2023\/02\/Hotel-ZuidLimburg_Logo_Beeldmerk.png\",\"width\":543,\"height\":543,\"caption\":\"Carr\u00e9 Hotel Zuid-Limburg\"},\"image\":{\"@id\":\"https:\/\/carrehotel.nl\/#\/schema\/logo\/image\/\"},\"sameAs\":[\"https:\/\/www.facebook.com\/CarreHotelZuidLimburg\",\"https:\/\/www.instagram.com\/CarreHotelZuidLimburg\/\",\"https:\/\/www.youtube.com\/@CarreHotelZuid-Limburg\"]}]}<\/script>\n<!-- \/ Yoast SEO plugin. -->","yoast_head_json":{"title":"Unser Hotel - Carr\u00e9 Hotel Zuid-Limburg","robots":{"index":"index","follow":"follow","max-snippet":"max-snippet:-1","max-image-preview":"max-image-preview:large","max-video-preview":"max-video-preview:-1"},"canonical":"https:\/\/carrehotel.nl\/de\/unser-hotel\/","og_locale":"de_DE","og_type":"article","og_title":"Ons hotel - Carr\u00e9 Hotel Zuid-Limburg","og_description":"Carr\u00e9 Hotel Zuid-Limburg Ons hotel Een oud hotel in een rijksmonument uit 1840 heeft zowel voor- als nadelen. Het is belangrijk om deze aspecten te begrijpen voordat je besluit om in zo&#8217;n hotel te verblijven of om het te runnen. Over ons hotel Carr\u00e9 Hotel Zuid-Limburg is een bijzonder hotel gelegen in het pittoreske dorpje [&hellip;]","og_url":"https:\/\/carrehotel.nl\/de\/unser-hotel\/","og_site_name":"Carr\u00e9 Hotel Zuid-Limburg","article_publisher":"https:\/\/www.facebook.com\/CarreHotelZuidLimburg","article_modified_time":"2023-12-12T14:07:18+00:00","og_image":[{"width":979,"height":426,"url":"https:\/\/carrehotel.nl\/wp-content\/uploads\/2023\/03\/Hotel-ZuidLimburg_Logo_Liggend.png","type":"image\/png"}],"twitter_card":"summary_large_image","twitter_misc":{"Gesch\u00e4tzte Lesezeit":"2\u00a0Minuten"},"schema":{"@context":"https:\/\/schema.org","@graph":[{"@type":"WebPage","@id":"https:\/\/carrehotel.nl\/ons-hotel\/","url":"https:\/\/carrehotel.nl\/ons-hotel\/","name":"Unser Hotel - Carr\u00e9 Hotel Zuid-Limburg","isPartOf":{"@id":"https:\/\/carrehotel.nl\/#website"},"datePublished":"2023-02-01T19:18:04+00:00","dateModified":"2023-12-12T14:07:18+00:00","breadcrumb":{"@id":"https:\/\/carrehotel.nl\/ons-hotel\/#breadcrumb"},"inLanguage":"de","potentialAction":[{"@type":"ReadAction","target":["https:\/\/carrehotel.nl\/ons-hotel\/"]}]},{"@type":"BreadcrumbList","@id":"https:\/\/carrehotel.nl\/ons-hotel\/#breadcrumb","itemListElement":[{"@type":"ListItem","position":1,"name":"Home","item":"https:\/\/carrehotel.nl\/"},{"@type":"ListItem","position":2,"name":"Ons hotel"}]},{"@type":"WebSite","@id":"https:\/\/carrehotel.nl\/#website","url":"https:\/\/carrehotel.nl\/","name":"Carr\u00e9 Hotel Zuid-Limburg","description":"da kommen Sie zur Ruhe","publisher":{"@id":"https:\/\/carrehotel.nl\/#organization"},"potentialAction":[{"@type":"SearchAction","target":{"@type":"EntryPoint","urlTemplate":"https:\/\/carrehotel.nl\/?s={search_term_string}"},"query-input":{"@type":"PropertyValueSpecification","valueRequired":true,"valueName":"search_term_string"}}],"inLanguage":"de"},{"@type":"Organization","@id":"https:\/\/carrehotel.nl\/#organization","name":"Carr\u00e9 Hotel Zuid-Limburg","alternateName":"Hotel Zuid-Limburg B.V.","url":"https:\/\/carrehotel.nl\/","logo":{"@type":"ImageObject","inLanguage":"de","@id":"https:\/\/carrehotel.nl\/#\/schema\/logo\/image\/","url":"https:\/\/carrehotel.nl\/wp-content\/uploads\/2023\/02\/Hotel-ZuidLimburg_Logo_Beeldmerk.png","contentUrl":"https:\/\/carrehotel.nl\/wp-content\/uploads\/2023\/02\/Hotel-ZuidLimburg_Logo_Beeldmerk.png","width":543,"height":543,"caption":"Carr\u00e9 Hotel Zuid-Limburg"},"image":{"@id":"https:\/\/carrehotel.nl\/#\/schema\/logo\/image\/"},"sameAs":["https:\/\/www.facebook.com\/CarreHotelZuidLimburg","https:\/\/www.instagram.com\/CarreHotelZuidLimburg\/","https:\/\/www.youtube.com\/@CarreHotelZuid-Limburg"]}]}},"_links":{"self":[{"href":"https:\/\/carrehotel.nl\/de\/wp-json\/wp\/v2\/pages\/87","targetHints":{"allow":["GET"]}}],"collection":[{"href":"https:\/\/carrehotel.nl\/de\/wp-json\/wp\/v2\/pages"}],"about":[{"href":"https:\/\/carrehotel.nl\/de\/wp-json\/wp\/v2\/types\/page"}],"author":[{"embeddable":true,"href":"https:\/\/carrehotel.nl\/de\/wp-json\/wp\/v2\/users\/1"}],"replies":[{"embeddable":true,"href":"https:\/\/carrehotel.nl\/de\/wp-json\/wp\/v2\/comments?post=87"}],"version-history":[{"count":0,"href":"https:\/\/carrehotel.nl\/de\/wp-json\/wp\/v2\/pages\/87\/revisions"}],"wp:attachment":[{"href":"https:\/\/carrehotel.nl\/de\/wp-json\/wp\/v2\/media?parent=87"}],"curies":[{"name":"wp","href":"https:\/\/api.w.org\/{rel}","templated":true}]}}