{"id":995,"date":"2023-03-07T15:43:37","date_gmt":"2023-03-07T14:43:37","guid":{"rendered":"https:\/\/carrehotel.nl\/?page_id=995"},"modified":"2023-05-08T15:13:12","modified_gmt":"2023-05-08T13:13:12","slug":"nationaldenkmal","status":"publish","type":"page","link":"https:\/\/carrehotel.nl\/de\/rijksmonument\/","title":{"rendered":"Nationales Denkmal"},"content":{"rendered":"<div data-elementor-type=\"wp-page\" data-elementor-id=\"995\" class=\"elementor elementor-995\" data-elementor-post-type=\"page\">\n\t\t\t\t\t\t<section class=\"elementor-section elementor-top-section elementor-element elementor-element-4d15f7f elementor-section-boxed elementor-section-height-default elementor-section-height-default\" data-id=\"4d15f7f\" data-element_type=\"section\" data-e-type=\"section\" data-settings=\"{&quot;background_background&quot;:&quot;classic&quot;,&quot;jet_parallax_layout_list&quot;:[]}\">\n\t\t\t\t\t\t<div class=\"elementor-container elementor-column-gap-default\">\n\t\t\t\t\t<div class=\"elementor-column elementor-col-100 elementor-top-column elementor-element elementor-element-41b496a\" data-id=\"41b496a\" data-element_type=\"column\" data-e-type=\"column\">\n\t\t\t<div class=\"elementor-widget-wrap elementor-element-populated\">\n\t\t\t\t\t\t<div class=\"elementor-element elementor-element-f2ab43f elementor-widget elementor-widget-heading\" data-id=\"f2ab43f\" data-element_type=\"widget\" data-e-type=\"widget\" data-widget_type=\"heading.default\">\n\t\t\t\t<div class=\"elementor-widget-container\">\n\t\t\t\t\t<span class=\"elementor-heading-title elementor-size-default\">Die Zukunft beginnt jetzt!<\/span>\t\t\t\t<\/div>\n\t\t\t\t<\/div>\n\t\t\t\t<div class=\"elementor-element elementor-element-dad58cd elementor-widget elementor-widget-heading\" data-id=\"dad58cd\" data-element_type=\"widget\" data-e-type=\"widget\" data-widget_type=\"heading.default\">\n\t\t\t\t<div class=\"elementor-widget-container\">\n\t\t\t\t\t<h1 class=\"elementor-heading-title elementor-size-default\">Nationales Denkmal<\/h1>\t\t\t\t<\/div>\n\t\t\t\t<\/div>\n\t\t\t\t<div class=\"elementor-element elementor-element-d2e647f elementor-widget elementor-widget-spacer\" data-id=\"d2e647f\" data-element_type=\"widget\" data-e-type=\"widget\" data-widget_type=\"spacer.default\">\n\t\t\t\t<div class=\"elementor-widget-container\">\n\t\t\t\t\t\t\t<div class=\"elementor-spacer\">\n\t\t\t<div class=\"elementor-spacer-inner\"><\/div>\n\t\t<\/div>\n\t\t\t\t\t\t<\/div>\n\t\t\t\t<\/div>\n\t\t\t\t<div class=\"elementor-element elementor-element-fcc4d9e elementor-widget elementor-widget-text-editor\" data-id=\"fcc4d9e\" data-element_type=\"widget\" data-e-type=\"widget\" data-widget_type=\"text-editor.default\">\n\t\t\t\t<div class=\"elementor-widget-container\">\n\t\t\t\t\t\t\t\t\t<p>Ein altes Hotel in einem Nationaldenkmal aus dem Jahr 1840 hat sowohl Vor- als auch Nachteile. Es ist wichtig, diese Aspekte zu verstehen, bevor Sie sich entscheiden, in einem solchen Hotel zu wohnen oder es zu betreiben.<\/p>\t\t\t\t\t\t\t\t<\/div>\n\t\t\t\t<\/div>\n\t\t\t\t\t<\/div>\n\t\t<\/div>\n\t\t\t\t\t<\/div>\n\t\t<\/section>\n\t\t\t\t<section class=\"elementor-section elementor-top-section elementor-element elementor-element-2dfa496 elementor-section-boxed elementor-section-height-default elementor-section-height-default\" data-id=\"2dfa496\" data-element_type=\"section\" data-e-type=\"section\" data-settings=\"{&quot;jet_parallax_layout_list&quot;:[]}\">\n\t\t\t\t\t\t<div class=\"elementor-container elementor-column-gap-default\">\n\t\t\t\t\t<div class=\"elementor-column elementor-col-100 elementor-top-column elementor-element elementor-element-4afab9a\" data-id=\"4afab9a\" data-element_type=\"column\" data-e-type=\"column\">\n\t\t\t<div class=\"elementor-widget-wrap elementor-element-populated\">\n\t\t\t\t\t\t<div class=\"elementor-element elementor-element-bf4d5bb elementor-widget elementor-widget-heading\" data-id=\"bf4d5bb\" data-element_type=\"widget\" data-e-type=\"widget\" data-widget_type=\"heading.default\">\n\t\t\t\t<div class=\"elementor-widget-container\">\n\t\t\t\t\t<h2 class=\"elementor-heading-title elementor-size-default\">Historischer Komfort <\/h2>\t\t\t\t<\/div>\n\t\t\t\t<\/div>\n\t\t\t\t<div class=\"elementor-element elementor-element-fa37c81 elementor-widget elementor-widget-spacer\" data-id=\"fa37c81\" data-element_type=\"widget\" data-e-type=\"widget\" data-widget_type=\"spacer.default\">\n\t\t\t\t<div class=\"elementor-widget-container\">\n\t\t\t\t\t\t\t<div class=\"elementor-spacer\">\n\t\t\t<div class=\"elementor-spacer-inner\"><\/div>\n\t\t<\/div>\n\t\t\t\t\t\t<\/div>\n\t\t\t\t<\/div>\n\t\t\t\t<div class=\"elementor-element elementor-element-d698b32 elementor-widget elementor-widget-text-editor\" data-id=\"d698b32\" data-element_type=\"widget\" data-e-type=\"widget\" data-widget_type=\"text-editor.default\">\n\t\t\t\t<div class=\"elementor-widget-container\">\n\t\t\t\t\t\t\t\t\t<p>\u00dcbernachten Sie in einem denkmalgesch\u00fctzten Geb\u00e4ude, einem Ort, an dem der Charme und die Eleganz der Vergangenheit nahtlos mit modernen Annehmlichkeiten verschmelzen. Das Hotel ist voller historischer Merkmale und bietet unseren G\u00e4sten ein charmantes Erlebnis. Neben den sch\u00f6nen Vorteilen hat ein solches historisches Geb\u00e4ude aber auch Nachteile. So ist es beispielsweise schwierig, in einem Geb\u00e4ude, das urspr\u00fcnglich nicht f\u00fcr die Nutzung als Hotel konzipiert wurde, modernen Komfort zu bieten. Deshalb m\u00f6chten wir Sie daran erinnern, dass unser historisches Geb\u00e4ude noch immer seinen eigenen Charakter bewahrt hat und Sie die M\u00f6glichkeit haben, die authentische Atmosph\u00e4re des Geb\u00e4udes zu erleben, einschlie\u00dflich der zus\u00e4tzlichen Nachteile, wie z. B. der L\u00e4rm des Geb\u00e4udes.<\/p><p>Gleichzeitig werden die Hotelzimmer in den kommenden Jahren renoviert, um unser Hotel auf dem neuesten Stand zu halten und den Bed\u00fcrfnissen der G\u00e4ste stets gerecht zu werden. Ein paar\u00a0<a href=\"https:\/\/carrehotel.nl\/de\/zimmer\/\" target=\"_blank\" rel=\"noopener\">Zimmer<\/a>\u00a0und das Loft sind Anfang 2023 sogar renoviert worden! Bei der Renovierung unserer Zimmer ber\u00fccksichtigen wir nat\u00fcrlich den reichen historischen Charakter des Hotels und schaffen eine besondere Mischung aus modernem Komfort und nostalgischem Charme. Wir hoffen, bis Ende 2028 das gesamte Hotel renoviert zu haben.<\/p>\t\t\t\t\t\t\t\t<\/div>\n\t\t\t\t<\/div>\n\t\t\t\t\t<\/div>\n\t\t<\/div>\n\t\t\t\t\t<\/div>\n\t\t<\/section>\n\t\t\t\t<\/div>","protected":false},"excerpt":{"rendered":"<p>De toekomst begint nu! Rijksmonument Een oud hotel in een rijksmonument uit 1840 heeft zowel voor- als nadelen. Het is belangrijk om deze aspecten te begrijpen voordat u besluit om in zo&#8217;n hotel te verblijven of om het te runnen. Historisch comfort Overnachten in een monumentaal pand, een plek waar de charme en elegantie van [&hellip;]<\/p>\n","protected":false},"author":1,"featured_media":0,"parent":0,"menu_order":0,"comment_status":"closed","ping_status":"closed","template":"","meta":{"footnotes":""},"class_list":["post-995","page","type-page","status-publish","hentry"],"yoast_head":"<!-- This site is optimized with the Yoast SEO plugin v27.1.1 - https:\/\/yoast.com\/product\/yoast-seo-wordpress\/ -->\n<title>Rijksmonument - Carr\u00e9 Hotel Zuid-Limburg<\/title>\n<meta name=\"robots\" content=\"index, follow, max-snippet:-1, max-image-preview:large, max-video-preview:-1\" \/>\n<link rel=\"canonical\" href=\"https:\/\/carrehotel.nl\/de\/nationaldenkmal\/\" \/>\n<meta property=\"og:locale\" content=\"de_DE\" \/>\n<meta property=\"og:type\" content=\"article\" \/>\n<meta property=\"og:title\" content=\"Rijksmonument - Carr\u00e9 Hotel Zuid-Limburg\" \/>\n<meta property=\"og:description\" content=\"De toekomst begint nu! Rijksmonument Een oud hotel in een rijksmonument uit 1840 heeft zowel voor- als nadelen. Het is belangrijk om deze aspecten te begrijpen voordat u besluit om in zo&#8217;n hotel te verblijven of om het te runnen. Historisch comfort Overnachten in een monumentaal pand, een plek waar de charme en elegantie van [&hellip;]\" \/>\n<meta property=\"og:url\" content=\"https:\/\/carrehotel.nl\/de\/nationaldenkmal\/\" \/>\n<meta property=\"og:site_name\" content=\"Carr\u00e9 Hotel Zuid-Limburg\" \/>\n<meta property=\"article:publisher\" content=\"https:\/\/www.facebook.com\/CarreHotelZuidLimburg\" \/>\n<meta property=\"article:modified_time\" content=\"2023-05-08T13:13:12+00:00\" \/>\n<meta property=\"og:image\" content=\"https:\/\/carrehotel.nl\/wp-content\/uploads\/2023\/03\/Hotel-ZuidLimburg_Logo_Liggend.png\" \/>\n\t<meta property=\"og:image:width\" content=\"979\" \/>\n\t<meta property=\"og:image:height\" content=\"426\" \/>\n\t<meta property=\"og:image:type\" content=\"image\/png\" \/>\n<meta name=\"twitter:card\" content=\"summary_large_image\" \/>\n<meta name=\"twitter:label1\" content=\"Gesch\u00e4tzte Lesezeit\" \/>\n\t<meta name=\"twitter:data1\" content=\"2\u00a0Minuten\" \/>\n<script type=\"application\/ld+json\" class=\"yoast-schema-graph\">{\"@context\":\"https:\/\/schema.org\",\"@graph\":[{\"@type\":\"WebPage\",\"@id\":\"https:\/\/carrehotel.nl\/rijksmonument\/\",\"url\":\"https:\/\/carrehotel.nl\/rijksmonument\/\",\"name\":\"Rijksmonument - Carr\u00e9 Hotel Zuid-Limburg\",\"isPartOf\":{\"@id\":\"https:\/\/carrehotel.nl\/#website\"},\"datePublished\":\"2023-03-07T14:43:37+00:00\",\"dateModified\":\"2023-05-08T13:13:12+00:00\",\"breadcrumb\":{\"@id\":\"https:\/\/carrehotel.nl\/rijksmonument\/#breadcrumb\"},\"inLanguage\":\"de\",\"potentialAction\":[{\"@type\":\"ReadAction\",\"target\":[\"https:\/\/carrehotel.nl\/rijksmonument\/\"]}]},{\"@type\":\"BreadcrumbList\",\"@id\":\"https:\/\/carrehotel.nl\/rijksmonument\/#breadcrumb\",\"itemListElement\":[{\"@type\":\"ListItem\",\"position\":1,\"name\":\"Home\",\"item\":\"https:\/\/carrehotel.nl\/\"},{\"@type\":\"ListItem\",\"position\":2,\"name\":\"Rijksmonument\"}]},{\"@type\":\"WebSite\",\"@id\":\"https:\/\/carrehotel.nl\/#website\",\"url\":\"https:\/\/carrehotel.nl\/\",\"name\":\"Carr\u00e9 Hotel Zuid-Limburg\",\"description\":\"Je zal er maar slapen!\",\"publisher\":{\"@id\":\"https:\/\/carrehotel.nl\/#organization\"},\"potentialAction\":[{\"@type\":\"SearchAction\",\"target\":{\"@type\":\"EntryPoint\",\"urlTemplate\":\"https:\/\/carrehotel.nl\/?s={search_term_string}\"},\"query-input\":{\"@type\":\"PropertyValueSpecification\",\"valueRequired\":true,\"valueName\":\"search_term_string\"}}],\"inLanguage\":\"de\"},{\"@type\":\"Organization\",\"@id\":\"https:\/\/carrehotel.nl\/#organization\",\"name\":\"Carr\u00e9 Hotel Zuid-Limburg\",\"alternateName\":\"Hotel Zuid-Limburg B.V.\",\"url\":\"https:\/\/carrehotel.nl\/\",\"logo\":{\"@type\":\"ImageObject\",\"inLanguage\":\"de\",\"@id\":\"https:\/\/carrehotel.nl\/#\/schema\/logo\/image\/\",\"url\":\"https:\/\/carrehotel.nl\/wp-content\/uploads\/2023\/02\/Hotel-ZuidLimburg_Logo_Beeldmerk.png\",\"contentUrl\":\"https:\/\/carrehotel.nl\/wp-content\/uploads\/2023\/02\/Hotel-ZuidLimburg_Logo_Beeldmerk.png\",\"width\":543,\"height\":543,\"caption\":\"Carr\u00e9 Hotel Zuid-Limburg\"},\"image\":{\"@id\":\"https:\/\/carrehotel.nl\/#\/schema\/logo\/image\/\"},\"sameAs\":[\"https:\/\/www.facebook.com\/CarreHotelZuidLimburg\",\"https:\/\/www.instagram.com\/CarreHotelZuidLimburg\/\",\"https:\/\/www.youtube.com\/@CarreHotelZuid-Limburg\"]}]}<\/script>\n<!-- \/ Yoast SEO plugin. -->","yoast_head_json":{"title":"Nationales Denkmal - Carr\u00e9 Hotel Zuid-Limburg","robots":{"index":"index","follow":"follow","max-snippet":"max-snippet:-1","max-image-preview":"max-image-preview:large","max-video-preview":"max-video-preview:-1"},"canonical":"https:\/\/carrehotel.nl\/de\/nationaldenkmal\/","og_locale":"de_DE","og_type":"article","og_title":"Rijksmonument - Carr\u00e9 Hotel Zuid-Limburg","og_description":"De toekomst begint nu! Rijksmonument Een oud hotel in een rijksmonument uit 1840 heeft zowel voor- als nadelen. Het is belangrijk om deze aspecten te begrijpen voordat u besluit om in zo&#8217;n hotel te verblijven of om het te runnen. Historisch comfort Overnachten in een monumentaal pand, een plek waar de charme en elegantie van [&hellip;]","og_url":"https:\/\/carrehotel.nl\/de\/nationaldenkmal\/","og_site_name":"Carr\u00e9 Hotel Zuid-Limburg","article_publisher":"https:\/\/www.facebook.com\/CarreHotelZuidLimburg","article_modified_time":"2023-05-08T13:13:12+00:00","og_image":[{"width":979,"height":426,"url":"https:\/\/carrehotel.nl\/wp-content\/uploads\/2023\/03\/Hotel-ZuidLimburg_Logo_Liggend.png","type":"image\/png"}],"twitter_card":"summary_large_image","twitter_misc":{"Gesch\u00e4tzte Lesezeit":"2\u00a0Minuten"},"schema":{"@context":"https:\/\/schema.org","@graph":[{"@type":"WebPage","@id":"https:\/\/carrehotel.nl\/rijksmonument\/","url":"https:\/\/carrehotel.nl\/rijksmonument\/","name":"Nationales Denkmal - Carr\u00e9 Hotel Zuid-Limburg","isPartOf":{"@id":"https:\/\/carrehotel.nl\/#website"},"datePublished":"2023-03-07T14:43:37+00:00","dateModified":"2023-05-08T13:13:12+00:00","breadcrumb":{"@id":"https:\/\/carrehotel.nl\/rijksmonument\/#breadcrumb"},"inLanguage":"de","potentialAction":[{"@type":"ReadAction","target":["https:\/\/carrehotel.nl\/rijksmonument\/"]}]},{"@type":"BreadcrumbList","@id":"https:\/\/carrehotel.nl\/rijksmonument\/#breadcrumb","itemListElement":[{"@type":"ListItem","position":1,"name":"Home","item":"https:\/\/carrehotel.nl\/"},{"@type":"ListItem","position":2,"name":"Rijksmonument"}]},{"@type":"WebSite","@id":"https:\/\/carrehotel.nl\/#website","url":"https:\/\/carrehotel.nl\/","name":"Carr\u00e9 Hotel Zuid-Limburg","description":"da kommen Sie zur Ruhe","publisher":{"@id":"https:\/\/carrehotel.nl\/#organization"},"potentialAction":[{"@type":"SearchAction","target":{"@type":"EntryPoint","urlTemplate":"https:\/\/carrehotel.nl\/?s={search_term_string}"},"query-input":{"@type":"PropertyValueSpecification","valueRequired":true,"valueName":"search_term_string"}}],"inLanguage":"de"},{"@type":"Organization","@id":"https:\/\/carrehotel.nl\/#organization","name":"Carr\u00e9 Hotel Zuid-Limburg","alternateName":"Hotel Zuid-Limburg B.V.","url":"https:\/\/carrehotel.nl\/","logo":{"@type":"ImageObject","inLanguage":"de","@id":"https:\/\/carrehotel.nl\/#\/schema\/logo\/image\/","url":"https:\/\/carrehotel.nl\/wp-content\/uploads\/2023\/02\/Hotel-ZuidLimburg_Logo_Beeldmerk.png","contentUrl":"https:\/\/carrehotel.nl\/wp-content\/uploads\/2023\/02\/Hotel-ZuidLimburg_Logo_Beeldmerk.png","width":543,"height":543,"caption":"Carr\u00e9 Hotel Zuid-Limburg"},"image":{"@id":"https:\/\/carrehotel.nl\/#\/schema\/logo\/image\/"},"sameAs":["https:\/\/www.facebook.com\/CarreHotelZuidLimburg","https:\/\/www.instagram.com\/CarreHotelZuidLimburg\/","https:\/\/www.youtube.com\/@CarreHotelZuid-Limburg"]}]}},"_links":{"self":[{"href":"https:\/\/carrehotel.nl\/de\/wp-json\/wp\/v2\/pages\/995","targetHints":{"allow":["GET"]}}],"collection":[{"href":"https:\/\/carrehotel.nl\/de\/wp-json\/wp\/v2\/pages"}],"about":[{"href":"https:\/\/carrehotel.nl\/de\/wp-json\/wp\/v2\/types\/page"}],"author":[{"embeddable":true,"href":"https:\/\/carrehotel.nl\/de\/wp-json\/wp\/v2\/users\/1"}],"replies":[{"embeddable":true,"href":"https:\/\/carrehotel.nl\/de\/wp-json\/wp\/v2\/comments?post=995"}],"version-history":[{"count":0,"href":"https:\/\/carrehotel.nl\/de\/wp-json\/wp\/v2\/pages\/995\/revisions"}],"wp:attachment":[{"href":"https:\/\/carrehotel.nl\/de\/wp-json\/wp\/v2\/media?parent=995"}],"curies":[{"name":"wp","href":"https:\/\/api.w.org\/{rel}","templated":true}]}}